{"id":25755,"date":"2023-11-28T14:26:40","date_gmt":"2023-11-28T13:26:40","guid":{"rendered":"https:\/\/eurekakidskosovo.com\/?post_type=product&#038;p=25755"},"modified":"2024-06-02T23:49:22","modified_gmt":"2024-06-02T21:49:22","slug":"liki-trike-rain-cover","status":"publish","type":"product","link":"https:\/\/eurekakidskosovo.com\/en\/product\/liki-trike-rain-cover\/","title":{"rendered":"Liki Trike rain cover"},"content":{"rendered":"<p id=\"tw-target-text\" class=\"tw-data-text tw-text-large tw-ta\" dir=\"ltr\" data-placeholder=\"Translation\" data-ved=\"2ahUKEwjyrPOq4-aCAxXlbPEDHeeDBrkQ3ewLegQIBRAQ\"><span class=\"Y2IQFc\" lang=\"sq\">E mban f\u00ebmij\u00ebn tuaj t\u00eb mbrojtur kur hipni n\u00eb Liki Trike n\u00eb nj\u00eb dit\u00eb me shi. B\u00ebr\u00eb nga materiali transparent q\u00eb ju mund\u00ebson t\u00eb mbani nj\u00eb sy mbi f\u00ebmij\u00ebn tuaj duke u siguruar q\u00eb ai ende t\u00eb shijoj\u00eb udh\u00ebtimin e tij.<\/span><\/p>\n<p class=\"tw-data-text tw-text-large tw-ta\" dir=\"ltr\" data-placeholder=\"Translation\" data-ved=\"2ahUKEwjyrPOq4-aCAxXlbPEDHeeDBrkQ3ewLegQIBRAQ\"><span class=\"Y2IQFc\" lang=\"sq\">Vrimat an\u00ebsore sigurojn\u00eb ajrosje t\u00eb duhur nd\u00ebrsa zinxhiri i gjat\u00eb siguron qasje t\u00eb leht\u00eb p\u00ebr vog\u00eblushin tuaj.<br \/>\nDizajnuar n\u00eb m\u00ebnyr\u00eb unike me ngjitje t\u00eb leht\u00eb p\u00ebr t&#8217;u p\u00ebrshtatur n\u00eb dorez\u00ebn e prind\u00ebrve p\u00ebr instalim dhe heqje t\u00eb thjesht\u00eb.<\/p>\n<p><strong>Features:<\/strong><br \/>\n- Easy to catch and climb<br \/>\n&#8211; Qasje e shpejt\u00eb dhe e leht\u00eb p\u00ebrpara<br \/>\n&#8211; Vrimat an\u00ebsore t\u00eb ventilimit<br \/>\n&#8211; Materiale t\u00eb sigurta p\u00ebr f\u00ebmij\u00ebt\u00a0<\/span><\/p>","protected":false},"excerpt":{"rendered":"<p>E mban f\u00ebmij\u00ebn tuaj t\u00eb mbrojtur kur hipni n\u00eb Liki Trike n\u00eb nj\u00eb dit\u00eb me shi. B\u00ebr\u00eb nga materiali transparent<\/p>","protected":false},"featured_media":25756,"template":"","meta":{"advanced_seo_description":"","jetpack_seo_html_title":"","jetpack_seo_noindex":false,"jetpack_post_was_ever_published":false},"product_brand":[],"product_cat":[],"product_tag":[],"class_list":{"0":"post-25755","1":"product","2":"type-product","3":"status-publish","4":"has-post-thumbnail","7":"first","8":"instock","9":"taxable","10":"shipping-taxable","11":"purchasable","12":"product-type-simple"},"jetpack_likes_enabled":false,"jetpack_sharing_enabled":false,"_links":{"self":[{"href":"https:\/\/eurekakidskosovo.com\/en\/wp-json\/wp\/v2\/product\/25755","targetHints":{"allow":["GET"]}}],"collection":[{"href":"https:\/\/eurekakidskosovo.com\/en\/wp-json\/wp\/v2\/product"}],"about":[{"href":"https:\/\/eurekakidskosovo.com\/en\/wp-json\/wp\/v2\/types\/product"}],"wp:featuredmedia":[{"embeddable":true,"href":"https:\/\/eurekakidskosovo.com\/en\/wp-json\/wp\/v2\/media\/25756"}],"wp:attachment":[{"href":"https:\/\/eurekakidskosovo.com\/en\/wp-json\/wp\/v2\/media?parent=25755"}],"wp:term":[{"taxonomy":"product_brand","embeddable":true,"href":"https:\/\/eurekakidskosovo.com\/en\/wp-json\/wp\/v2\/product_brand?post=25755"},{"taxonomy":"product_cat","embeddable":true,"href":"https:\/\/eurekakidskosovo.com\/en\/wp-json\/wp\/v2\/product_cat?post=25755"},{"taxonomy":"product_tag","embeddable":true,"href":"https:\/\/eurekakidskosovo.com\/en\/wp-json\/wp\/v2\/product_tag?post=25755"}],"curies":[{"name":"wp","href":"https:\/\/api.w.org\/{rel}","templated":true}]}}