{"id":25757,"date":"2023-11-28T14:32:26","date_gmt":"2023-11-28T13:32:26","guid":{"rendered":"https:\/\/eurekakidskosovo.com\/?post_type=product&#038;p=25757"},"modified":"2024-06-02T23:49:16","modified_gmt":"2024-06-02T21:49:16","slug":"liki-trike-travel-bag","status":"publish","type":"product","link":"https:\/\/eurekakidskosovo.com\/en\/product\/liki-trike-travel-bag\/","title":{"rendered":"Liki Trike travel bag"},"content":{"rendered":"<p id=\"tw-target-text\" class=\"tw-data-text tw-text-large tw-ta\" dir=\"ltr\" data-placeholder=\"Translation\" data-ved=\"2ahUKEwjyrPOq4-aCAxXlbPEDHeeDBrkQ3ewLegQIBRAQ\"><span class=\"Y2IQFc\" lang=\"sq\">Me \u00e7ant\u00ebn e transportit Doona, ju mund ta transportoni me leht\u00ebsi dhe komoditet Liki Trike kur paloset \u2013 perfekte p\u00ebr \u00e7do lloj udh\u00ebtimi. \u00c7anta \u00ebsht\u00eb prej p\u00eblhure ve\u00e7an\u00ebrisht t\u00eb q\u00ebndrueshme dhe mbron Liki Trike nga papast\u00ebrtit\u00eb dhe g\u00ebrvishtjet gjat\u00eb transportit.<\/span><\/p>","protected":false},"excerpt":{"rendered":"<p>Me \u00e7ant\u00ebn e transportit Doona, ju mund ta transportoni me leht\u00ebsi dhe komoditet Liki Trike kur paloset \u2013 perfekte p\u00ebr<\/p>","protected":false},"featured_media":25758,"template":"","meta":{"advanced_seo_description":"","jetpack_seo_html_title":"","jetpack_seo_noindex":false,"jetpack_post_was_ever_published":false},"product_brand":[],"product_cat":[],"product_tag":[],"class_list":{"0":"post-25757","1":"product","2":"type-product","3":"status-publish","4":"has-post-thumbnail","7":"first","8":"instock","9":"taxable","10":"shipping-taxable","11":"purchasable","12":"product-type-simple"},"jetpack_likes_enabled":false,"jetpack_sharing_enabled":false,"_links":{"self":[{"href":"https:\/\/eurekakidskosovo.com\/en\/wp-json\/wp\/v2\/product\/25757","targetHints":{"allow":["GET"]}}],"collection":[{"href":"https:\/\/eurekakidskosovo.com\/en\/wp-json\/wp\/v2\/product"}],"about":[{"href":"https:\/\/eurekakidskosovo.com\/en\/wp-json\/wp\/v2\/types\/product"}],"wp:featuredmedia":[{"embeddable":true,"href":"https:\/\/eurekakidskosovo.com\/en\/wp-json\/wp\/v2\/media\/25758"}],"wp:attachment":[{"href":"https:\/\/eurekakidskosovo.com\/en\/wp-json\/wp\/v2\/media?parent=25757"}],"wp:term":[{"taxonomy":"product_brand","embeddable":true,"href":"https:\/\/eurekakidskosovo.com\/en\/wp-json\/wp\/v2\/product_brand?post=25757"},{"taxonomy":"product_cat","embeddable":true,"href":"https:\/\/eurekakidskosovo.com\/en\/wp-json\/wp\/v2\/product_cat?post=25757"},{"taxonomy":"product_tag","embeddable":true,"href":"https:\/\/eurekakidskosovo.com\/en\/wp-json\/wp\/v2\/product_tag?post=25757"}],"curies":[{"name":"wp","href":"https:\/\/api.w.org\/{rel}","templated":true}]}}