{"id":25927,"date":"2024-01-29T19:26:51","date_gmt":"2024-01-29T18:26:51","guid":{"rendered":"https:\/\/eurekakidskosovo.com\/?post_type=product&#038;p=25927"},"modified":"2024-06-02T23:47:51","modified_gmt":"2024-06-02T21:47:51","slug":"wobbel-board-green","status":"publish","type":"product","link":"https:\/\/eurekakidskosovo.com\/en\/product\/wobbel-board-green\/","title":{"rendered":"Wobbel board- Green"},"content":{"rendered":"<p>Wobbel Pro \u00ebsht\u00eb i p\u00ebrshtatsh\u00ebm p\u00ebr t\u00eb gjitha moshat, nga 0 deri n\u00eb 100 vje\u00e7 apo 100kg.<br \/>\nZhvilloni imagjinat\u00ebn e tyre dhe mbajini aktiv\u00eb me Wobbel Starter Board.Dizajni i drurit t\u00eb ahut shton stil dhe jet\u00ebgjat\u00ebsi. Inkurajoni f\u00ebmij\u00ebt t\u00eb l\u00ebvizin prapa dhe pas p\u00ebr t\u00eb rritur aft\u00ebsit\u00eb e tyre balancuese. P\u00ebrndryshe, p\u00ebrmir\u00ebsoni krijimtarin\u00eb e tyre duke e p\u00ebrdorur at\u00eb si nj\u00eb ramp\u00eb p\u00ebr makinat, nj\u00eb rr\u00ebshqitje p\u00ebr kukullat e tyre ose si nj\u00eb ur\u00eb. B\u00ebn nj\u00eb karrige t\u00eb shk\u00eblqyer kur t\u00eb mbarojn\u00eb s\u00eb luajturi me t\u00eb.<\/p>\n<p>Frym\u00ebzuar nga harku tradicional Waldorf, Wobbel\u00ae e ka marr\u00eb k\u00ebt\u00eb koncept dhe ka prodhuar nj\u00eb d\u00ebrras\u00eb l\u00ebkund\u00ebse bashk\u00ebkohore dhe t\u00eb fuqishme, me t\u00eb cil\u00ebn f\u00ebmija juaj do t\u00eb dij\u00eb instinktivisht sakt\u00ebsisht se \u00e7far\u00eb t\u00eb b\u00ebj\u00eb. Ata do t\u00eb l\u00ebkunden nd\u00ebrsa q\u00ebndrojn\u00eb n\u00eb k\u00ebmb\u00eb, t\u00eb ulur ose t\u00eb shtrir\u00eb n\u00eb tabel\u00eb, dhe d\u00ebrrasa wobbel do t\u00eb ndihmoj\u00eb n\u00eb nd\u00ebrtimin e forc\u00ebs, shkatht\u00ebsis\u00eb, forc\u00ebs baz\u00eb dhe aft\u00ebsive t\u00eb ekuilibrit. Por nuk ndalet me kaq. Do t\u00eb mahniteni nga m\u00ebnyrat e ndryshme q\u00eb f\u00ebmija juaj do t\u00eb p\u00ebrdor\u00eb Wobbel Board. Qoft\u00eb si ur\u00eb, karrige, hap, rr\u00ebshqitje apo brenda loj\u00ebs s\u00eb tyre imagjinative dhe krijuese.<\/p>\n<p>P\u00ebrmban materialin e shtypur t\u00eb ricikluar ne ngjyre gjelb\u00ebrt \u00eb hapur n\u00eb fund, e cila redukton zhurm\u00ebn dhe parandalon g\u00ebrvishtjet n\u00eb dysheme, dhe pastrohet leht\u00eb. Ana e sip\u00ebrme e tabel\u00ebs \u00ebsht\u00eb e veshur me llak t\u00eb tejduksh\u00ebm.<\/p>\n<p>Origjina: Holand\u00eb<\/p>","protected":false},"excerpt":{"rendered":"<p>Wobbel Pro \u00ebsht\u00eb i p\u00ebrshtatsh\u00ebm p\u00ebr t\u00eb gjitha moshat, nga 0 deri n\u00eb 100 vje\u00e7 apo 100kg. Zhvilloni imagjinat\u00ebn e<\/p>","protected":false},"featured_media":25923,"template":"","meta":{"advanced_seo_description":"","jetpack_seo_html_title":"","jetpack_seo_noindex":false,"jetpack_post_was_ever_published":false},"product_brand":[],"product_cat":[2548,2549,2547,2540,2429,2541],"product_tag":[],"class_list":{"0":"post-25927","1":"product","2":"type-product","3":"status-publish","4":"has-post-thumbnail","6":"product_cat-12-deri-ne-18-muaj","7":"product_cat-18-deri-ne-24-muaj","8":"product_cat-6-deri-ne-12-muaj","9":"product_cat-hamaket-dhe-luhatjet","10":"product_cat-lodra-per-bebe","11":"product_cat-lodra-stimuluese","13":"first","14":"instock","15":"taxable","16":"shipping-taxable","17":"purchasable","18":"product-type-simple"},"jetpack_likes_enabled":false,"jetpack_sharing_enabled":false,"_links":{"self":[{"href":"https:\/\/eurekakidskosovo.com\/en\/wp-json\/wp\/v2\/product\/25927","targetHints":{"allow":["GET"]}}],"collection":[{"href":"https:\/\/eurekakidskosovo.com\/en\/wp-json\/wp\/v2\/product"}],"about":[{"href":"https:\/\/eurekakidskosovo.com\/en\/wp-json\/wp\/v2\/types\/product"}],"wp:featuredmedia":[{"embeddable":true,"href":"https:\/\/eurekakidskosovo.com\/en\/wp-json\/wp\/v2\/media\/25923"}],"wp:attachment":[{"href":"https:\/\/eurekakidskosovo.com\/en\/wp-json\/wp\/v2\/media?parent=25927"}],"wp:term":[{"taxonomy":"product_brand","embeddable":true,"href":"https:\/\/eurekakidskosovo.com\/en\/wp-json\/wp\/v2\/product_brand?post=25927"},{"taxonomy":"product_cat","embeddable":true,"href":"https:\/\/eurekakidskosovo.com\/en\/wp-json\/wp\/v2\/product_cat?post=25927"},{"taxonomy":"product_tag","embeddable":true,"href":"https:\/\/eurekakidskosovo.com\/en\/wp-json\/wp\/v2\/product_tag?post=25927"}],"curies":[{"name":"wp","href":"https:\/\/api.w.org\/{rel}","templated":true}]}}