{"id":25928,"date":"2024-01-29T19:46:37","date_gmt":"2024-01-29T18:46:37","guid":{"rendered":"https:\/\/eurekakidskosovo.com\/?post_type=product&#038;p=25928"},"modified":"2024-06-02T23:47:47","modified_gmt":"2024-06-02T21:47:47","slug":"wobbel-up-gray","status":"publish","type":"product","link":"https:\/\/eurekakidskosovo.com\/en\/product\/wobbel-up-gray\/","title":{"rendered":"Wobbel Up- Gray"},"content":{"rendered":"<p>Wobbel Up stimulon n\u00eb m\u00ebnyr\u00eb lozonjare nj\u00eb pozicion ulur natyral dhe aktiv.<br \/>\nFunksioni dinamik redukton ankesat fizike dhe promovon nj\u00eb q\u00ebndrim t\u00eb sh\u00ebndetsh\u00ebm. Kjo vlen si p\u00ebr f\u00ebmij\u00ebt ashtu edhe p\u00ebr t\u00eb rriturit dhe t\u00eb moshuarit. Ideale p\u00ebr pun\u00eb t\u00eb ulur, n\u00eb sht\u00ebpi, n\u00eb shkoll\u00eb ose n\u00eb zyr\u00eb.<br \/>\nP\u00ebrve\u00e7 k\u00ebsaj, Wobbel up ndjek filozofin\u00eb e loj\u00ebs &#8220;open-ended play&#8221; P\u00ebr shembull, mund t\u00eb shtriheni n\u00eb t\u00eb, ta p\u00ebrdorni si nj\u00eb kal\u00eb l\u00ebkund\u00ebs &#8220;t\u00eb l\u00ebkundur&#8221;, t\u00eb l\u00ebvizni p\u00ebrpara dhe mbrapa me ndoshta disa lodra n\u00eb t\u00eb? Mund\u00ebsit\u00eb jan\u00eb t\u00eb pafundme.<\/p>\n<p><strong>Features:<\/strong><br \/>\n&#8211; Wobbel up \u00ebsht\u00eb i p\u00ebrshtatsh\u00ebm p\u00ebr f\u00ebmij\u00eb nga 3 vje\u00e7.<br \/>\n&#8211; Wobbel up \u00ebsht\u00eb b\u00ebr\u00eb nga druri i ahut i marr\u00eb n\u00eb m\u00ebnyr\u00eb t\u00eb q\u00ebndrueshme dhe \u00ebsht\u00eb i p\u00ebrfunduar me llak t\u00eb p\u00ebrshtatsh\u00ebm p\u00ebr f\u00ebmij\u00ebt.<br \/>\n&#8211; P\u00ebrmasat: 60 x 39 x 36 cm<br \/>\n&#8211; Mban deri n\u00eb 150 kg<br \/>\n&#8211; Origjina: Holand\u00eb<\/p>\n<p>&nbsp;<\/p>","protected":false},"excerpt":{"rendered":"<p>Wobbel Up stimulon n\u00eb m\u00ebnyr\u00eb lozonjare nj\u00eb pozicion ulur natyral dhe aktiv. Funksioni dinamik redukton ankesat fizike dhe promovon nj\u00eb<\/p>","protected":false},"featured_media":25933,"template":"","meta":{"advanced_seo_description":"","jetpack_seo_html_title":"","jetpack_seo_noindex":false,"jetpack_post_was_ever_published":false},"product_brand":[],"product_cat":[2550,2540,2429,2541],"product_tag":[],"class_list":{"0":"post-25928","1":"product","2":"type-product","3":"status-publish","4":"has-post-thumbnail","6":"product_cat-24-muaj","7":"product_cat-hamaket-dhe-luhatjet","8":"product_cat-lodra-per-bebe","9":"product_cat-lodra-stimuluese","11":"first","12":"instock","13":"taxable","14":"shipping-taxable","15":"purchasable","16":"product-type-simple"},"jetpack_likes_enabled":false,"jetpack_sharing_enabled":false,"_links":{"self":[{"href":"https:\/\/eurekakidskosovo.com\/en\/wp-json\/wp\/v2\/product\/25928","targetHints":{"allow":["GET"]}}],"collection":[{"href":"https:\/\/eurekakidskosovo.com\/en\/wp-json\/wp\/v2\/product"}],"about":[{"href":"https:\/\/eurekakidskosovo.com\/en\/wp-json\/wp\/v2\/types\/product"}],"wp:featuredmedia":[{"embeddable":true,"href":"https:\/\/eurekakidskosovo.com\/en\/wp-json\/wp\/v2\/media\/25933"}],"wp:attachment":[{"href":"https:\/\/eurekakidskosovo.com\/en\/wp-json\/wp\/v2\/media?parent=25928"}],"wp:term":[{"taxonomy":"product_brand","embeddable":true,"href":"https:\/\/eurekakidskosovo.com\/en\/wp-json\/wp\/v2\/product_brand?post=25928"},{"taxonomy":"product_cat","embeddable":true,"href":"https:\/\/eurekakidskosovo.com\/en\/wp-json\/wp\/v2\/product_cat?post=25928"},{"taxonomy":"product_tag","embeddable":true,"href":"https:\/\/eurekakidskosovo.com\/en\/wp-json\/wp\/v2\/product_tag?post=25928"}],"curies":[{"name":"wp","href":"https:\/\/api.w.org\/{rel}","templated":true}]}}