{"id":25935,"date":"2024-01-30T18:09:09","date_gmt":"2024-01-30T17:09:09","guid":{"rendered":"https:\/\/eurekakidskosovo.com\/?post_type=product&#038;p=25935"},"modified":"2024-06-02T23:47:44","modified_gmt":"2024-06-02T21:47:44","slug":"wobbel-360","status":"publish","type":"product","link":"https:\/\/eurekakidskosovo.com\/en\/product\/wobbel-360\/","title":{"rendered":"Wobbel 360\u00b0"},"content":{"rendered":"<p>F\u00ebmij\u00ebt p\u00eblqejn\u00eb t\u00eb balancojn\u00eb veten. Kjo Wobbel shkon shum\u00eb mir\u00eb p\u00ebr shkak t\u00eb nj\u00eb kthese m\u00eb t\u00eb but\u00eb sesa n\u00eb Wobbel Original.<br \/>\nAta do te\u00a0 lundrojn\u00eb me nj\u00eb vark\u00eb p\u00ebr t\u00eb lundruar. Uluni, ktheni veten ose t\u00eb tjer\u00ebt. Ju gjithashtu mund t&#8217;a ktheheni ate si nj\u00eb skateboard me nj\u00eb l\u00ebkundje t\u00eb mir\u00eb. P\u00ebrve\u00e7 k\u00ebsaj, ajo fton p\u00ebr ekuilib\u00ebr t\u00eb mir\u00eb. Ecni rreth rrethit ose balanconi nj\u00ebri-tjetrin.<\/p>\n<p>Por ne pam\u00eb gjithashtu shum\u00eb loj\u00ebra n\u00eb t\u00eb cilat p\u00ebrjetohen ligjet fizike. Rrotulloni, l\u00ebkundeni, l\u00ebvizni.<br \/>\nJu kurr\u00eb nuk do t\u00eb q\u00ebndroni plot\u00ebsisht t\u00eb pal\u00ebvizur mbi t\u00eb, k\u00ebshtu q\u00eb mund t\u00eb punoni dhe t\u00eb m\u00ebsoni nd\u00ebrsa l\u00ebvizni.<\/p>\n<p>Baza e saj \u00ebsht\u00eb e p\u00ebrb\u00ebr\u00eb nga materiali e cila do t\u00eb mbroj\u00eb dyshemet\u00eb tuaja dhe do t\u00eb zbeh z\u00ebrin. Kjo \u00ebsht\u00eb nj\u00eb domosdoshm\u00ebri absolute p\u00ebr dyshemet\u00eb e forta, sepse do t\u00eb rrotullohet dhe k\u00ebtu k\u00ebrkohet mbrojtje.<br \/>\nAi gjithashtu shton nj\u00eb sip\u00ebrfaqe jo t\u00eb rr\u00ebshqitshme dhe m\u00eb t\u00eb but\u00eb kur Wobbel p\u00ebrdoret si ndenj\u00ebse ose shkall\u00eb. E fundit, por jo m\u00eb pak e r\u00ebnd\u00ebsishme, materiali i shton nj\u00eb pamje dhe dizajn t\u00eb ve\u00e7ant\u00eb.<\/p>","protected":false},"excerpt":{"rendered":"<p>F\u00ebmij\u00ebt p\u00eblqejn\u00eb t\u00eb balancojn\u00eb veten. Kjo Wobbel shkon shum\u00eb mir\u00eb p\u00ebr shkak t\u00eb nj\u00eb kthese m\u00eb t\u00eb but\u00eb sesa n\u00eb<\/p>","protected":false},"featured_media":25939,"template":"","meta":{"advanced_seo_description":"","jetpack_seo_html_title":"","jetpack_seo_noindex":false,"jetpack_post_was_ever_published":false},"product_brand":[],"product_cat":[2550,2548,2549,2540,2429,2541],"product_tag":[],"class_list":{"0":"post-25935","1":"product","2":"type-product","3":"status-publish","4":"has-post-thumbnail","6":"product_cat-24-muaj","7":"product_cat-12-deri-ne-18-muaj","8":"product_cat-18-deri-ne-24-muaj","9":"product_cat-hamaket-dhe-luhatjet","10":"product_cat-lodra-per-bebe","11":"product_cat-lodra-stimuluese","13":"first","14":"instock","15":"taxable","16":"shipping-taxable","17":"purchasable","18":"product-type-simple"},"jetpack_likes_enabled":false,"jetpack_sharing_enabled":false,"_links":{"self":[{"href":"https:\/\/eurekakidskosovo.com\/en\/wp-json\/wp\/v2\/product\/25935","targetHints":{"allow":["GET"]}}],"collection":[{"href":"https:\/\/eurekakidskosovo.com\/en\/wp-json\/wp\/v2\/product"}],"about":[{"href":"https:\/\/eurekakidskosovo.com\/en\/wp-json\/wp\/v2\/types\/product"}],"wp:featuredmedia":[{"embeddable":true,"href":"https:\/\/eurekakidskosovo.com\/en\/wp-json\/wp\/v2\/media\/25939"}],"wp:attachment":[{"href":"https:\/\/eurekakidskosovo.com\/en\/wp-json\/wp\/v2\/media?parent=25935"}],"wp:term":[{"taxonomy":"product_brand","embeddable":true,"href":"https:\/\/eurekakidskosovo.com\/en\/wp-json\/wp\/v2\/product_brand?post=25935"},{"taxonomy":"product_cat","embeddable":true,"href":"https:\/\/eurekakidskosovo.com\/en\/wp-json\/wp\/v2\/product_cat?post=25935"},{"taxonomy":"product_tag","embeddable":true,"href":"https:\/\/eurekakidskosovo.com\/en\/wp-json\/wp\/v2\/product_tag?post=25935"}],"curies":[{"name":"wp","href":"https:\/\/api.w.org\/{rel}","templated":true}]}}