{"id":25963,"date":"2024-01-30T19:31:14","date_gmt":"2024-01-30T18:31:14","guid":{"rendered":"https:\/\/eurekakidskosovo.com\/?post_type=product&#038;p=25963"},"modified":"2024-06-19T13:01:25","modified_gmt":"2024-06-19T11:01:25","slug":"kuti-e-palosshme-e-madhe-5","status":"publish","type":"product","link":"https:\/\/eurekakidskosovo.com\/en\/product\/kuti-e-palosshme-e-madhe-5\/","title":{"rendered":"Kuti e palosshme- E madhe"},"content":{"rendered":"<p>&#8211; E q\u00ebndrueshme dhe miq\u00ebsore me mjedisin<br \/>\n&#8211; Shum\u00ebfunksionale \u2013 p\u00ebr p\u00ebrdorim n\u00eb \u00e7do dhom\u00eb brenda dhe jasht\u00eb sht\u00ebpis\u00eb<br \/>\n&#8211; E p\u00ebrkryer p\u00ebr dhom\u00ebn e f\u00ebmij\u00ebs suaj<br \/>\n&#8211; B\u00ebr\u00eb nga 60% plastik\u00eb e ricikluar<br \/>\n&#8211; E sigurt\u00eb edhe p\u00ebr ushqime \u2013 ideal edhe p\u00ebr fruta dhe perime<br \/>\n&#8211; Kat\u00ebr doreza t\u00eb m\u00ebdha e b\u00ebjn\u00eb t\u00eb leht\u00eb organizimin n\u00eb l\u00ebvizje<br \/>\n&#8211; Paloset rrafsh kur nuk p\u00ebrdoret<\/p>\n<p>Dimensionet e kutis\u00eb s\u00eb madhe: 43.20 x 29.21 x 16.5 cm<\/p>","protected":false},"excerpt":{"rendered":"<p>&#8211; E q\u00ebndrueshme dhe miq\u00ebsore me mjedisin &#8211; Shum\u00ebfunksionale \u2013 p\u00ebr p\u00ebrdorim n\u00eb \u00e7do dhom\u00eb brenda dhe jasht\u00eb sht\u00ebpis\u00eb &#8211;<\/p>","protected":false},"featured_media":25956,"template":"","meta":{"advanced_seo_description":"","jetpack_seo_html_title":"","jetpack_seo_noindex":false,"jetpack_post_was_ever_published":false},"product_brand":[],"product_cat":[2550,2549,2537,2429],"product_tag":[],"class_list":{"0":"post-25963","1":"product","2":"type-product","3":"status-publish","4":"has-post-thumbnail","6":"product_cat-24-muaj","7":"product_cat-18-deri-ne-24-muaj","8":"product_cat-lodra-per-bebe-lodra-per-bebe","9":"product_cat-lodra-per-bebe","11":"first","12":"outofstock","13":"taxable","14":"shipping-taxable","15":"purchasable","16":"product-type-simple"},"jetpack_likes_enabled":false,"jetpack_sharing_enabled":false,"_links":{"self":[{"href":"https:\/\/eurekakidskosovo.com\/en\/wp-json\/wp\/v2\/product\/25963","targetHints":{"allow":["GET"]}}],"collection":[{"href":"https:\/\/eurekakidskosovo.com\/en\/wp-json\/wp\/v2\/product"}],"about":[{"href":"https:\/\/eurekakidskosovo.com\/en\/wp-json\/wp\/v2\/types\/product"}],"wp:featuredmedia":[{"embeddable":true,"href":"https:\/\/eurekakidskosovo.com\/en\/wp-json\/wp\/v2\/media\/25956"}],"wp:attachment":[{"href":"https:\/\/eurekakidskosovo.com\/en\/wp-json\/wp\/v2\/media?parent=25963"}],"wp:term":[{"taxonomy":"product_brand","embeddable":true,"href":"https:\/\/eurekakidskosovo.com\/en\/wp-json\/wp\/v2\/product_brand?post=25963"},{"taxonomy":"product_cat","embeddable":true,"href":"https:\/\/eurekakidskosovo.com\/en\/wp-json\/wp\/v2\/product_cat?post=25963"},{"taxonomy":"product_tag","embeddable":true,"href":"https:\/\/eurekakidskosovo.com\/en\/wp-json\/wp\/v2\/product_tag?post=25963"}],"curies":[{"name":"wp","href":"https:\/\/api.w.org\/{rel}","templated":true}]}}