{"id":26010,"date":"2024-02-09T18:50:30","date_gmt":"2024-02-09T17:50:30","guid":{"rendered":"https:\/\/eurekakidskosovo.com\/?post_type=product&#038;p=26010"},"modified":"2024-03-19T21:15:39","modified_gmt":"2024-03-19T20:15:39","slug":"set-3-perparese","status":"publish","type":"product","link":"https:\/\/eurekakidskosovo.com\/en\/product\/set-3-perparese\/","title":{"rendered":"Set 3 p\u00ebrpar\u00ebse"},"content":{"rendered":"<p>Fal\u00eb dy shtresave t\u00eb muslinit n\u00eb pjes\u00ebn e p\u00ebrparme dhe nj\u00eb shtrese peshqiri n\u00eb an\u00ebn e pasme, k\u00ebtop\u00ebrpar\u00ebse jan\u00eb ve\u00e7an\u00ebrisht t\u00eb buta n\u00eb l\u00ebkur\u00ebn e f\u00ebmij\u00ebve.\u00c7do larje i b\u00ebn p\u00ebrpar\u00ebset e bebes edhe m\u00eb t\u00eb buta.<br \/>\nPjesa e p\u00ebrparme e bishtit \u00ebsht\u00eb prej 100% pambuk, me p\u00eblhur\u00ebn e pasme prej 80% pambuk dhe 20% poliest\u00ebr, me te clen goja e \u00ebmb\u00ebl mund t\u00eb fshihet mrekullisht pas ngr\u00ebnies.<\/p>\n<p><strong>Features:<\/strong><br \/>\n&#8211; Lahet deri n\u00eb 40 grad\u00eb, i p\u00ebrshtatsh\u00ebm p\u00ebr tharje n\u00eb thar\u00ebse n\u00eb temperatur\u00eb t\u00eb ul\u00ebt<br \/>\n\u2022 P\u00ebrmasat: 25 x 33 cm<\/p>","protected":false},"excerpt":{"rendered":"<p>Fal\u00eb dy shtresave t\u00eb muslinit n\u00eb pjes\u00ebn e p\u00ebrparme dhe nj\u00eb shtrese peshqiri n\u00eb an\u00ebn e pasme, k\u00ebtop\u00ebrpar\u00ebse jan\u00eb ve\u00e7an\u00ebrisht<\/p>","protected":false},"featured_media":26013,"template":"","meta":{"advanced_seo_description":"","jetpack_seo_html_title":"","jetpack_seo_noindex":false,"jetpack_post_was_ever_published":false},"product_brand":[],"product_cat":[2548,2549,2547,2429],"product_tag":[],"class_list":{"0":"post-26010","1":"product","2":"type-product","3":"status-publish","4":"has-post-thumbnail","6":"product_cat-12-deri-ne-18-muaj","7":"product_cat-18-deri-ne-24-muaj","8":"product_cat-6-deri-ne-12-muaj","9":"product_cat-lodra-per-bebe","11":"first","12":"outofstock","13":"taxable","14":"shipping-taxable","15":"purchasable","16":"product-type-simple"},"jetpack_likes_enabled":false,"jetpack_sharing_enabled":false,"_links":{"self":[{"href":"https:\/\/eurekakidskosovo.com\/en\/wp-json\/wp\/v2\/product\/26010","targetHints":{"allow":["GET"]}}],"collection":[{"href":"https:\/\/eurekakidskosovo.com\/en\/wp-json\/wp\/v2\/product"}],"about":[{"href":"https:\/\/eurekakidskosovo.com\/en\/wp-json\/wp\/v2\/types\/product"}],"wp:featuredmedia":[{"embeddable":true,"href":"https:\/\/eurekakidskosovo.com\/en\/wp-json\/wp\/v2\/media\/26013"}],"wp:attachment":[{"href":"https:\/\/eurekakidskosovo.com\/en\/wp-json\/wp\/v2\/media?parent=26010"}],"wp:term":[{"taxonomy":"product_brand","embeddable":true,"href":"https:\/\/eurekakidskosovo.com\/en\/wp-json\/wp\/v2\/product_brand?post=26010"},{"taxonomy":"product_cat","embeddable":true,"href":"https:\/\/eurekakidskosovo.com\/en\/wp-json\/wp\/v2\/product_cat?post=26010"},{"taxonomy":"product_tag","embeddable":true,"href":"https:\/\/eurekakidskosovo.com\/en\/wp-json\/wp\/v2\/product_tag?post=26010"}],"curies":[{"name":"wp","href":"https:\/\/api.w.org\/{rel}","templated":true}]}}