{"id":26049,"date":"2024-02-19T18:52:37","date_gmt":"2024-02-19T17:52:37","guid":{"rendered":"https:\/\/eurekakidskosovo.com\/?post_type=product&#038;p=26049"},"modified":"2024-06-02T23:46:04","modified_gmt":"2024-06-02T21:46:04","slug":"tas-me-kapak","status":"publish","type":"product","link":"https:\/\/eurekakidskosovo.com\/en\/product\/tas-me-kapak\/","title":{"rendered":"Tas me kapak"},"content":{"rendered":"<p>Ky tas \u00ebsht\u00eb b\u00ebr\u00eb sakt\u00ebsisht p\u00ebr gjith\u00e7ka. Mund ta sillni pijen tuaj t\u00eb preferuar kudo q\u00eb t\u00eb shkoni dhe ta b\u00ebni at\u00eb me stil. Ju gjithashtu mund t\u00eb hiqni kapakun dhe m\u00ebng\u00ebn e silikonit dhe ta p\u00ebrdorni vet\u00ebm si nj\u00eb filxhan t\u00eb madh. Ne p\u00ebrdorim kapak\u00eb q\u00eb hapen p\u00ebr t\u00eb mos l\u00ebn\u00eb asnj\u00eb shenj\u00eb n\u00eb filxhan, k\u00ebshtu q\u00eb mund t\u00eb p\u00ebrdoret ende p\u00ebr t\u00eb pir\u00eb. Apo pse t\u00eb mos e p\u00ebrdorni si vazo p\u00ebr lulet tuaja? Ne na p\u00eblqen t\u00eb b\u00ebjm\u00eb produkte q\u00eb mund t&#8217;i p\u00ebrdorni p\u00ebr shum\u00eb gj\u00ebra.<\/p>\n<p><strong>Features:<\/strong><br \/>\n\u2013 E b\u00ebr\u00eb nga fibra druri e certifikuar nga FSC\u00ae1 dhe PEFC dhe PP me baz\u00eb bio<br \/>\n\u2013 I p\u00ebrshtatsh\u00ebm p\u00ebr ushqim dhe pije t\u00eb nxeht\u00eb dhe t\u00eb ftoht\u00eb (- 20\u00b0C \/ +70\u00b0C)<br \/>\n\u2013 I sigurt n\u00eb lar\u00ebs en\u00ebsh<br \/>\n\u2013 Mos e vendosni n\u00eb mikroval\u00eb<\/p>","protected":false},"excerpt":{"rendered":"<p>Ky tas \u00ebsht\u00eb b\u00ebr\u00eb sakt\u00ebsisht p\u00ebr gjith\u00e7ka. Mund ta sillni pijen tuaj t\u00eb preferuar kudo q\u00eb t\u00eb shkoni dhe ta<\/p>","protected":false},"featured_media":26052,"template":"","meta":{"advanced_seo_description":"","jetpack_seo_html_title":"","jetpack_seo_noindex":false,"jetpack_post_was_ever_published":false},"product_brand":[],"product_cat":[],"product_tag":[],"class_list":{"0":"post-26049","1":"product","2":"type-product","3":"status-publish","4":"has-post-thumbnail","7":"first","8":"instock","9":"taxable","10":"shipping-taxable","11":"purchasable","12":"product-type-simple"},"jetpack_likes_enabled":false,"jetpack_sharing_enabled":false,"_links":{"self":[{"href":"https:\/\/eurekakidskosovo.com\/en\/wp-json\/wp\/v2\/product\/26049","targetHints":{"allow":["GET"]}}],"collection":[{"href":"https:\/\/eurekakidskosovo.com\/en\/wp-json\/wp\/v2\/product"}],"about":[{"href":"https:\/\/eurekakidskosovo.com\/en\/wp-json\/wp\/v2\/types\/product"}],"wp:featuredmedia":[{"embeddable":true,"href":"https:\/\/eurekakidskosovo.com\/en\/wp-json\/wp\/v2\/media\/26052"}],"wp:attachment":[{"href":"https:\/\/eurekakidskosovo.com\/en\/wp-json\/wp\/v2\/media?parent=26049"}],"wp:term":[{"taxonomy":"product_brand","embeddable":true,"href":"https:\/\/eurekakidskosovo.com\/en\/wp-json\/wp\/v2\/product_brand?post=26049"},{"taxonomy":"product_cat","embeddable":true,"href":"https:\/\/eurekakidskosovo.com\/en\/wp-json\/wp\/v2\/product_cat?post=26049"},{"taxonomy":"product_tag","embeddable":true,"href":"https:\/\/eurekakidskosovo.com\/en\/wp-json\/wp\/v2\/product_tag?post=26049"}],"curies":[{"name":"wp","href":"https:\/\/api.w.org\/{rel}","templated":true}]}}