{"id":26070,"date":"2024-02-19T19:17:06","date_gmt":"2024-02-19T18:17:06","guid":{"rendered":"https:\/\/eurekakidskosovo.com\/?post_type=product&#038;p=26070"},"modified":"2024-06-02T23:45:39","modified_gmt":"2024-06-02T21:45:39","slug":"shtrese-silikoni-per-ushqim-4","status":"publish","type":"product","link":"https:\/\/eurekakidskosovo.com\/en\/product\/shtrese-silikoni-per-ushqim-4\/","title":{"rendered":"Shtres\u00eb silikoni p\u00ebr ushqim"},"content":{"rendered":"<p>Shtresa prej silikoni \u00ebsht\u00eb p\u00ebr t\u00eb gjitha ato darka t\u00eb \u00e7rregullta ku ka ushqim n\u00eb t\u00eb gjith\u00eb vendin. P\u00ebr kur f\u00ebmij\u00ebt tan\u00eb eksplorojn\u00eb shijimin, struktur\u00ebn dhe ngr\u00ebnien. \u00cbsht\u00eb e leht\u00eb p\u00ebr t&#8217;u pastruar, thjesht duke e fshir\u00eb me nj\u00eb leck\u00eb en\u00ebsh ose duke e vendosur n\u00eb raftin e sip\u00ebrm t\u00eb pjatalar\u00ebses.<br \/>\nKjo shtres\u00eb nuk do t\u00eb lejoj\u00eb q\u00eb en\u00ebt t\u00eb rr\u00ebshqasin, madje as kjo nuk do l\u00ebviz\u00eb sapo t\u00eb vendoset n\u00eb tryez\u00eb<\/p>\n<p><strong>Features:<\/strong><br \/>\n&#8211; Materiali: 100% silikon<br \/>\n- Free of PVC, BPA and phthalates.<br \/>\n&#8211; I miratuar p\u00ebr ushqim n\u00eb p\u00ebrputhje me Rregulloren Kuad\u00ebr t\u00eb BE-s\u00eb (EC) Nr 1935\/2004 dhe LFGB dhe Administrat\u00ebn e Ushqimit dhe Barnave t\u00eb SHBA (FDA)<br \/>\n&#8211; Lani me dor\u00eb ose n\u00eb pjatalar\u00ebse<\/p>","protected":false},"excerpt":{"rendered":"<p>Shtresa prej silikoni \u00ebsht\u00eb p\u00ebr t\u00eb gjitha ato darka t\u00eb \u00e7rregullta ku ka ushqim n\u00eb t\u00eb gjith\u00eb vendin. P\u00ebr kur<\/p>","protected":false},"featured_media":26071,"template":"","meta":{"advanced_seo_description":"","jetpack_seo_html_title":"","jetpack_seo_noindex":false,"jetpack_post_was_ever_published":false},"product_brand":[],"product_cat":[],"product_tag":[],"class_list":{"0":"post-26070","1":"product","2":"type-product","3":"status-publish","4":"has-post-thumbnail","7":"first","8":"instock","9":"taxable","10":"shipping-taxable","11":"purchasable","12":"product-type-simple"},"jetpack_likes_enabled":false,"jetpack_sharing_enabled":false,"_links":{"self":[{"href":"https:\/\/eurekakidskosovo.com\/en\/wp-json\/wp\/v2\/product\/26070","targetHints":{"allow":["GET"]}}],"collection":[{"href":"https:\/\/eurekakidskosovo.com\/en\/wp-json\/wp\/v2\/product"}],"about":[{"href":"https:\/\/eurekakidskosovo.com\/en\/wp-json\/wp\/v2\/types\/product"}],"wp:featuredmedia":[{"embeddable":true,"href":"https:\/\/eurekakidskosovo.com\/en\/wp-json\/wp\/v2\/media\/26071"}],"wp:attachment":[{"href":"https:\/\/eurekakidskosovo.com\/en\/wp-json\/wp\/v2\/media?parent=26070"}],"wp:term":[{"taxonomy":"product_brand","embeddable":true,"href":"https:\/\/eurekakidskosovo.com\/en\/wp-json\/wp\/v2\/product_brand?post=26070"},{"taxonomy":"product_cat","embeddable":true,"href":"https:\/\/eurekakidskosovo.com\/en\/wp-json\/wp\/v2\/product_cat?post=26070"},{"taxonomy":"product_tag","embeddable":true,"href":"https:\/\/eurekakidskosovo.com\/en\/wp-json\/wp\/v2\/product_tag?post=26070"}],"curies":[{"name":"wp","href":"https:\/\/api.w.org\/{rel}","templated":true}]}}