{"id":26081,"date":"2024-02-20T18:46:34","date_gmt":"2024-02-20T17:46:34","guid":{"rendered":"https:\/\/eurekakidskosovo.com\/?post_type=product&#038;p=26081"},"modified":"2024-06-02T23:45:35","modified_gmt":"2024-06-02T21:45:35","slug":"puzzle-me-kafshe","status":"publish","type":"product","link":"https:\/\/eurekakidskosovo.com\/en\/product\/puzzle-me-kafshe\/","title":{"rendered":"Puzzle me kafsh\u00eb"},"content":{"rendered":"<p>Ju p\u00eblqejn kafsh\u00ebt? M\u00ebsoni m\u00eb shum\u00eb rreth kafsh\u00ebve dhe habitateve t\u00eb tyre natyrore me k\u00ebt\u00eb enigm\u00eb shum\u00ebngjyr\u00ebshe dhe t\u00ebrheq\u00ebse. Mosha e rekomanduar: +24 muaj<\/p>\n<p><strong>Features:<\/strong><br \/>\n&#8211; P\u00ebrmban pjes\u00eb t\u00eb enigm\u00ebs q\u00eb mund t\u00eb kapen leht\u00ebsisht.<br \/>\n&#8211; Grafika t\u00eb ndritshme dhe shum\u00ebngjyr\u00ebshe me tem\u00ebn e xhungl\u00ebs<\/p>","protected":false},"excerpt":{"rendered":"<p>Ju p\u00eblqejn kafsh\u00ebt? M\u00ebsoni m\u00eb shum\u00eb rreth kafsh\u00ebve dhe habitateve t\u00eb tyre natyrore me k\u00ebt\u00eb enigm\u00eb shum\u00ebngjyr\u00ebshe dhe t\u00ebrheq\u00ebse. Mosha<\/p>","protected":false},"featured_media":26083,"template":"","meta":{"advanced_seo_description":"","jetpack_seo_html_title":"","jetpack_seo_noindex":false,"jetpack_post_was_ever_published":false},"product_brand":[],"product_cat":[2550,2549,2542,2537,2429,2541],"product_tag":[],"class_list":{"0":"post-26081","1":"product","2":"type-product","3":"status-publish","4":"has-post-thumbnail","6":"product_cat-24-muaj","7":"product_cat-18-deri-ne-24-muaj","8":"product_cat-lodra-edukative-lodra-per-bebe","9":"product_cat-lodra-per-bebe-lodra-per-bebe","10":"product_cat-lodra-per-bebe","11":"product_cat-lodra-stimuluese","13":"first","14":"instock","15":"taxable","16":"shipping-taxable","17":"purchasable","18":"product-type-simple"},"jetpack_likes_enabled":false,"jetpack_sharing_enabled":false,"_links":{"self":[{"href":"https:\/\/eurekakidskosovo.com\/en\/wp-json\/wp\/v2\/product\/26081","targetHints":{"allow":["GET"]}}],"collection":[{"href":"https:\/\/eurekakidskosovo.com\/en\/wp-json\/wp\/v2\/product"}],"about":[{"href":"https:\/\/eurekakidskosovo.com\/en\/wp-json\/wp\/v2\/types\/product"}],"wp:featuredmedia":[{"embeddable":true,"href":"https:\/\/eurekakidskosovo.com\/en\/wp-json\/wp\/v2\/media\/26083"}],"wp:attachment":[{"href":"https:\/\/eurekakidskosovo.com\/en\/wp-json\/wp\/v2\/media?parent=26081"}],"wp:term":[{"taxonomy":"product_brand","embeddable":true,"href":"https:\/\/eurekakidskosovo.com\/en\/wp-json\/wp\/v2\/product_brand?post=26081"},{"taxonomy":"product_cat","embeddable":true,"href":"https:\/\/eurekakidskosovo.com\/en\/wp-json\/wp\/v2\/product_cat?post=26081"},{"taxonomy":"product_tag","embeddable":true,"href":"https:\/\/eurekakidskosovo.com\/en\/wp-json\/wp\/v2\/product_tag?post=26081"}],"curies":[{"name":"wp","href":"https:\/\/api.w.org\/{rel}","templated":true}]}}