{"id":26084,"date":"2024-02-20T18:52:05","date_gmt":"2024-02-20T17:52:05","guid":{"rendered":"https:\/\/eurekakidskosovo.com\/?post_type=product&#038;p=26084"},"modified":"2024-06-02T23:45:31","modified_gmt":"2024-06-02T21:45:31","slug":"liber-druri-me-kafshe","status":"publish","type":"product","link":"https:\/\/eurekakidskosovo.com\/en\/product\/liber-druri-me-kafshe\/","title":{"rendered":"Lib\u00ebr druri me kafsh\u00eb"},"content":{"rendered":"<p>Ky Baby&#8217;s Farm Animal Book nga Hape b\u00ebn nj\u00eb lib\u00ebr t\u00eb par\u00eb t\u00eb bukur me figura. Prezantoni t\u00eb voglin tuaj me mrekullit\u00eb e oborrit t\u00eb ferm\u00ebs me k\u00ebt\u00eb lib\u00ebr druri me ngjyra t\u00eb ndezura. I mbushur me ilustrime simpatike t\u00eb kafsh\u00ebve t\u00eb lezetshme t\u00eb ferm\u00ebs, duke p\u00ebrfshir\u00eb pulat, rosat, nj\u00eb lepur lepur, dele, lop\u00eb, kal\u00eb, mace dhe nj\u00eb mi.<\/p>\n<p>Mosha: +10 muaj<\/p>","protected":false},"excerpt":{"rendered":"<p>Ky Baby&#8217;s Farm Animal Book nga Hape b\u00ebn nj\u00eb lib\u00ebr t\u00eb par\u00eb t\u00eb bukur me figura. Prezantoni t\u00eb voglin tuaj<\/p>","protected":false},"featured_media":26088,"template":"","meta":{"advanced_seo_description":"","jetpack_seo_html_title":"","jetpack_seo_noindex":false,"jetpack_post_was_ever_published":false},"product_brand":[],"product_cat":[2548,2547,2542,2429,2541],"product_tag":[],"class_list":{"0":"post-26084","1":"product","2":"type-product","3":"status-publish","4":"has-post-thumbnail","6":"product_cat-12-deri-ne-18-muaj","7":"product_cat-6-deri-ne-12-muaj","8":"product_cat-lodra-edukative-lodra-per-bebe","9":"product_cat-lodra-per-bebe","10":"product_cat-lodra-stimuluese","12":"first","13":"instock","14":"taxable","15":"shipping-taxable","16":"purchasable","17":"product-type-simple"},"jetpack_likes_enabled":false,"jetpack_sharing_enabled":false,"_links":{"self":[{"href":"https:\/\/eurekakidskosovo.com\/en\/wp-json\/wp\/v2\/product\/26084","targetHints":{"allow":["GET"]}}],"collection":[{"href":"https:\/\/eurekakidskosovo.com\/en\/wp-json\/wp\/v2\/product"}],"about":[{"href":"https:\/\/eurekakidskosovo.com\/en\/wp-json\/wp\/v2\/types\/product"}],"wp:featuredmedia":[{"embeddable":true,"href":"https:\/\/eurekakidskosovo.com\/en\/wp-json\/wp\/v2\/media\/26088"}],"wp:attachment":[{"href":"https:\/\/eurekakidskosovo.com\/en\/wp-json\/wp\/v2\/media?parent=26084"}],"wp:term":[{"taxonomy":"product_brand","embeddable":true,"href":"https:\/\/eurekakidskosovo.com\/en\/wp-json\/wp\/v2\/product_brand?post=26084"},{"taxonomy":"product_cat","embeddable":true,"href":"https:\/\/eurekakidskosovo.com\/en\/wp-json\/wp\/v2\/product_cat?post=26084"},{"taxonomy":"product_tag","embeddable":true,"href":"https:\/\/eurekakidskosovo.com\/en\/wp-json\/wp\/v2\/product_tag?post=26084"}],"curies":[{"name":"wp","href":"https:\/\/api.w.org\/{rel}","templated":true}]}}