{"id":26108,"date":"2024-02-20T19:19:58","date_gmt":"2024-02-20T18:19:58","guid":{"rendered":"https:\/\/eurekakidskosovo.com\/?post_type=product&#038;p=26108"},"modified":"2024-06-02T23:45:10","modified_gmt":"2024-06-02T21:45:10","slug":"set-me-2-pjate-te-thella-2","status":"publish","type":"product","link":"https:\/\/eurekakidskosovo.com\/en\/product\/set-me-2-pjate-te-thella-2\/","title":{"rendered":"Set me 2 pjat\u00eb t\u00eb thella"},"content":{"rendered":"<p>\u2013 E b\u00ebr\u00eb nga fibra druri e certifikuar nga FSC\u00ae1 dhe PEFC dhe PP me baz\u00eb bio<br \/>\n\u2013 I p\u00ebrshtatsh\u00ebm p\u00ebr ushqim dhe pije t\u00eb nxeht\u00eb dhe t\u00eb ftoht\u00eb<br \/>\n\u2013 Lani en\u00ebt e dark\u00ebs p\u00ebrpara p\u00ebrdorimit t\u00eb par\u00eb<br \/>\n\u2013 I sigurt n\u00eb lar\u00ebs en\u00ebsh<br \/>\n\u2013 Mos e vendosni n\u00eb mikroval\u00eb<br \/>\n\u2013 Ricikloni me plastik\u00eb<br \/>\n\u2013 Materiali yn\u00eb \u00ebsht\u00eb i testuar dhe miratuar p\u00ebr kontakt me ushqimin sipas rregullores 1935\/2004 dhe 10\/2011<\/p>\n<p>Gjat\u00eb p\u00ebrdorimit t\u00eb lug\u00ebs k\u00ebrkohet mbik\u00ebqyrja e nj\u00eb t\u00eb rrituri pasi kjo lug\u00eb \u00ebsht\u00eb vet\u00ebm p\u00ebr t\u00eb ushqyer dhe jo q\u00eb f\u00ebmija t\u00eb haj\u00eb vet\u00eb.<\/p>","protected":false},"excerpt":{"rendered":"<p>\u2013 E b\u00ebr\u00eb nga fibra druri e certifikuar nga FSC\u00ae1 dhe PEFC dhe PP me baz\u00eb bio \u2013 I p\u00ebrshtatsh\u00ebm<\/p>","protected":false},"featured_media":26106,"template":"","meta":{"advanced_seo_description":"","jetpack_seo_html_title":"","jetpack_seo_noindex":false,"jetpack_post_was_ever_published":false},"product_brand":[],"product_cat":[2550,2548,2549,2429],"product_tag":[],"class_list":{"0":"post-26108","1":"product","2":"type-product","3":"status-publish","4":"has-post-thumbnail","6":"product_cat-24-muaj","7":"product_cat-12-deri-ne-18-muaj","8":"product_cat-18-deri-ne-24-muaj","9":"product_cat-lodra-per-bebe","11":"first","12":"instock","13":"taxable","14":"shipping-taxable","15":"purchasable","16":"product-type-simple"},"jetpack_likes_enabled":false,"jetpack_sharing_enabled":false,"_links":{"self":[{"href":"https:\/\/eurekakidskosovo.com\/en\/wp-json\/wp\/v2\/product\/26108","targetHints":{"allow":["GET"]}}],"collection":[{"href":"https:\/\/eurekakidskosovo.com\/en\/wp-json\/wp\/v2\/product"}],"about":[{"href":"https:\/\/eurekakidskosovo.com\/en\/wp-json\/wp\/v2\/types\/product"}],"wp:featuredmedia":[{"embeddable":true,"href":"https:\/\/eurekakidskosovo.com\/en\/wp-json\/wp\/v2\/media\/26106"}],"wp:attachment":[{"href":"https:\/\/eurekakidskosovo.com\/en\/wp-json\/wp\/v2\/media?parent=26108"}],"wp:term":[{"taxonomy":"product_brand","embeddable":true,"href":"https:\/\/eurekakidskosovo.com\/en\/wp-json\/wp\/v2\/product_brand?post=26108"},{"taxonomy":"product_cat","embeddable":true,"href":"https:\/\/eurekakidskosovo.com\/en\/wp-json\/wp\/v2\/product_cat?post=26108"},{"taxonomy":"product_tag","embeddable":true,"href":"https:\/\/eurekakidskosovo.com\/en\/wp-json\/wp\/v2\/product_tag?post=26108"}],"curies":[{"name":"wp","href":"https:\/\/api.w.org\/{rel}","templated":true}]}}