{"id":26118,"date":"2024-02-21T17:40:04","date_gmt":"2024-02-21T16:40:04","guid":{"rendered":"https:\/\/eurekakidskosovo.com\/?post_type=product&#038;p=26118"},"modified":"2024-06-02T23:43:50","modified_gmt":"2024-06-02T21:43:50","slug":"set-me-2-gota","status":"publish","type":"product","link":"https:\/\/eurekakidskosovo.com\/en\/product\/set-me-2-gota\/","title":{"rendered":"Set me 2 gota"},"content":{"rendered":"<p>K\u00ebto gota i p\u00ebrshtaten f\u00ebmij\u00ebs tuaj n\u00eb t\u00eb gjitha moshat.Gjithashtu funksionon n\u00eb m\u00ebnyr\u00eb perfekte p\u00ebr t&#8217;u sjell\u00eb p\u00ebr piknik dhe t\u00eb gjitha aktivitetet n\u00eb natyr\u00eb, sepse ato jan\u00eb t\u00eb lehta, t\u00eb q\u00ebndrueshme dhe t\u00eb gjith\u00eb n\u00eb familjen tuaj mund t&#8217;i p\u00ebrdorin ato.<\/p>\n<p>T\u00eb gjitha en\u00ebt tona t\u00eb dark\u00ebs jan\u00eb prej 40% fib\u00ebr druri suedez dhe 60% plastik\u00eb me baz\u00eb bio. Fibra e drurit \u00ebsht\u00eb mbetje nga industria suedeze e drurit q\u00eb do t\u00eb ishte djegur n\u00ebse nuk do ta p\u00ebrdornim. K\u00ebto produkte jan\u00eb prodhuar n\u00eb Suedi dhe jan\u00eb miq\u00ebsore me mjedisin.<\/p>\n<p><strong>Features:<\/strong><br \/>\n?\u2013 E b\u00ebr\u00eb nga fibra druri e certifikuar nga FSC\u00ae1 dhe PEFC dhe PP me baz\u00eb bio<br \/>\n\u2013 I p\u00ebrshtatsh\u00ebm p\u00ebr ushqim dhe pije t\u00eb nxeht\u00eb dhe t\u00eb ftoht\u00eb<br \/>\n\u2013 Lani en\u00ebt e dark\u00ebs p\u00ebrpara p\u00ebrdorimit t\u00eb par\u00eb<br \/>\n\u2013 I sigurt n\u00eb lar\u00ebs en\u00ebsh<br \/>\n\u2013 Mos e vendosni n\u00eb mikroval\u00eb<br \/>\n\u2013 Ricikloni me plastik\u00eb<\/p>","protected":false},"excerpt":{"rendered":"<p>K\u00ebto gota i p\u00ebrshtaten f\u00ebmij\u00ebs tuaj n\u00eb t\u00eb gjitha moshat.Gjithashtu funksionon n\u00eb m\u00ebnyr\u00eb perfekte p\u00ebr t&#8217;u sjell\u00eb p\u00ebr piknik dhe<\/p>","protected":false},"featured_media":26120,"template":"","meta":{"advanced_seo_description":"","jetpack_seo_html_title":"","jetpack_seo_noindex":false,"jetpack_post_was_ever_published":false},"product_brand":[],"product_cat":[2550,2548,2549,2547,2429],"product_tag":[],"class_list":{"0":"post-26118","1":"product","2":"type-product","3":"status-publish","4":"has-post-thumbnail","6":"product_cat-24-muaj","7":"product_cat-12-deri-ne-18-muaj","8":"product_cat-18-deri-ne-24-muaj","9":"product_cat-6-deri-ne-12-muaj","10":"product_cat-lodra-per-bebe","12":"first","13":"instock","14":"taxable","15":"shipping-taxable","16":"purchasable","17":"product-type-simple"},"jetpack_likes_enabled":false,"jetpack_sharing_enabled":false,"_links":{"self":[{"href":"https:\/\/eurekakidskosovo.com\/en\/wp-json\/wp\/v2\/product\/26118","targetHints":{"allow":["GET"]}}],"collection":[{"href":"https:\/\/eurekakidskosovo.com\/en\/wp-json\/wp\/v2\/product"}],"about":[{"href":"https:\/\/eurekakidskosovo.com\/en\/wp-json\/wp\/v2\/types\/product"}],"wp:featuredmedia":[{"embeddable":true,"href":"https:\/\/eurekakidskosovo.com\/en\/wp-json\/wp\/v2\/media\/26120"}],"wp:attachment":[{"href":"https:\/\/eurekakidskosovo.com\/en\/wp-json\/wp\/v2\/media?parent=26118"}],"wp:term":[{"taxonomy":"product_brand","embeddable":true,"href":"https:\/\/eurekakidskosovo.com\/en\/wp-json\/wp\/v2\/product_brand?post=26118"},{"taxonomy":"product_cat","embeddable":true,"href":"https:\/\/eurekakidskosovo.com\/en\/wp-json\/wp\/v2\/product_cat?post=26118"},{"taxonomy":"product_tag","embeddable":true,"href":"https:\/\/eurekakidskosovo.com\/en\/wp-json\/wp\/v2\/product_tag?post=26118"}],"curies":[{"name":"wp","href":"https:\/\/api.w.org\/{rel}","templated":true}]}}