{"id":26134,"date":"2024-02-21T17:55:41","date_gmt":"2024-02-21T16:55:41","guid":{"rendered":"https:\/\/eurekakidskosovo.com\/?post_type=product&#038;p=26134"},"modified":"2024-06-02T23:43:28","modified_gmt":"2024-06-02T21:43:28","slug":"luge-per-foshnje-4","status":"publish","type":"product","link":"https:\/\/eurekakidskosovo.com\/en\/product\/luge-per-foshnje-4\/","title":{"rendered":"Lug\u00eb p\u00ebr foshnje"},"content":{"rendered":"<p>Gjat\u00eb p\u00ebrdorimit t\u00eb lug\u00ebs k\u00ebrkohet mbik\u00ebqyrja e nj\u00eb t\u00eb rrituri pasi kjo lug\u00eb \u00ebsht\u00eb vet\u00ebm p\u00ebr t\u00eb ushqyer foshnjen dhe jo q\u00eb f\u00ebmija t\u00eb haj\u00eb vet\u00eb.<\/p>\n<p><strong>Features:<\/strong><br \/>\n?\u2013 E b\u00ebr\u00eb nga fibra druri e certifikuar nga FSC\u00ae1 dhe PEFC dhe PP me baz\u00eb bio<br \/>\n\u2013 I p\u00ebrshtatsh\u00ebm p\u00ebr ushqim dhe pije t\u00eb nxeht\u00eb dhe t\u00eb ftoht\u00eb<br \/>\n\u2013 Lani en\u00ebt e dark\u00ebs p\u00ebrpara p\u00ebrdorimit t\u00eb par\u00eb<br \/>\n\u2013 I sigurt n\u00eb lar\u00ebs en\u00ebsh<br \/>\n\u2013 Mos e vendosni n\u00eb mikroval\u00eb<br \/>\n\u2013 Ricikloni me plastik\u00eb<br \/>\n&#8211; Seti p\u00ebrmban 2 lug\u00eb<\/p>","protected":false},"excerpt":{"rendered":"<p>Gjat\u00eb p\u00ebrdorimit t\u00eb lug\u00ebs k\u00ebrkohet mbik\u00ebqyrja e nj\u00eb t\u00eb rrituri pasi kjo lug\u00eb \u00ebsht\u00eb vet\u00ebm p\u00ebr t\u00eb ushqyer foshnjen dhe<\/p>","protected":false},"featured_media":26135,"template":"","meta":{"advanced_seo_description":"","jetpack_seo_html_title":"","jetpack_seo_noindex":false,"jetpack_post_was_ever_published":false},"product_brand":[],"product_cat":[2545,2546,2547,2429],"product_tag":[],"class_list":{"0":"post-26134","1":"product","2":"type-product","3":"status-publish","4":"has-post-thumbnail","6":"product_cat-0-deri-ne-3-muaj","7":"product_cat-3-deri-ne-6-muaj","8":"product_cat-6-deri-ne-12-muaj","9":"product_cat-lodra-per-bebe","11":"first","12":"instock","13":"taxable","14":"shipping-taxable","15":"purchasable","16":"product-type-simple"},"jetpack_likes_enabled":false,"jetpack_sharing_enabled":false,"_links":{"self":[{"href":"https:\/\/eurekakidskosovo.com\/en\/wp-json\/wp\/v2\/product\/26134","targetHints":{"allow":["GET"]}}],"collection":[{"href":"https:\/\/eurekakidskosovo.com\/en\/wp-json\/wp\/v2\/product"}],"about":[{"href":"https:\/\/eurekakidskosovo.com\/en\/wp-json\/wp\/v2\/types\/product"}],"wp:featuredmedia":[{"embeddable":true,"href":"https:\/\/eurekakidskosovo.com\/en\/wp-json\/wp\/v2\/media\/26135"}],"wp:attachment":[{"href":"https:\/\/eurekakidskosovo.com\/en\/wp-json\/wp\/v2\/media?parent=26134"}],"wp:term":[{"taxonomy":"product_brand","embeddable":true,"href":"https:\/\/eurekakidskosovo.com\/en\/wp-json\/wp\/v2\/product_brand?post=26134"},{"taxonomy":"product_cat","embeddable":true,"href":"https:\/\/eurekakidskosovo.com\/en\/wp-json\/wp\/v2\/product_cat?post=26134"},{"taxonomy":"product_tag","embeddable":true,"href":"https:\/\/eurekakidskosovo.com\/en\/wp-json\/wp\/v2\/product_tag?post=26134"}],"curies":[{"name":"wp","href":"https:\/\/api.w.org\/{rel}","templated":true}]}}