{"id":26139,"date":"2024-02-21T18:42:27","date_gmt":"2024-02-21T17:42:27","guid":{"rendered":"https:\/\/eurekakidskosovo.com\/?post_type=product&#038;p=26139"},"modified":"2024-06-02T23:43:20","modified_gmt":"2024-06-02T21:43:20","slug":"luge-per-femije","status":"publish","type":"product","link":"https:\/\/eurekakidskosovo.com\/en\/product\/luge-per-femije\/","title":{"rendered":"Lug\u00eb p\u00ebr f\u00ebmij\u00eb"},"content":{"rendered":"<p>Luga jon\u00eb p\u00ebr f\u00ebmij\u00eb \u00ebsht\u00eb perfekte kur f\u00ebmija juaj fillon t\u00eb eksploroj\u00eb t\u00eb haj\u00eb vet\u00eb. \u00cbsht\u00eb e leht\u00eb dhe e q\u00ebndrueshme qe e b\u00ebn at\u00eb nj\u00eb lug\u00eb t\u00eb shk\u00eblqyer p\u00ebr f\u00ebmij\u00ebt n\u00eb t\u00eb gjitha moshat. Doreza \u00ebsht\u00eb projektuar q\u00eb t\u00eb jet\u00eb e leht\u00eb p\u00ebr t&#8217;u kapur dhe p\u00ebr t&#8217;u mbajtur dhe nuk peshon shum\u00eb.<\/p>\n<p>T\u00eb gjitha en\u00ebt tona t\u00eb dark\u00ebs jan\u00eb prej 40% fib\u00ebr druri suedez dhe 60% plastik\u00eb me baz\u00eb bio. K\u00ebto produkte jan\u00eb prodhuar n\u00eb Suedi dhe jan\u00eb miq\u00ebsore me mjedisin.<\/p>\n<p>Features:<br \/>\n?\u2013 E b\u00ebr\u00eb nga fibra druri e certifikuar nga FSC\u00ae1 dhe PEFC dhe PP me baz\u00eb bio<br \/>\n\u2013 I p\u00ebrshtatsh\u00ebm p\u00ebr ushqim dhe pije t\u00eb nxeht\u00eb dhe t\u00eb ftoht\u00eb<br \/>\n\u2013 Lani en\u00ebt e dark\u00ebs p\u00ebrpara p\u00ebrdorimit t\u00eb par\u00eb<br \/>\n\u2013 I sigurt n\u00eb lar\u00ebs en\u00ebsh<br \/>\n\u2013 Mos e vendosni n\u00eb mikroval\u00eb<br \/>\n\u2013 Ricikloni me plastik\u00eb<\/p>","protected":false},"excerpt":{"rendered":"<p>Luga jon\u00eb p\u00ebr f\u00ebmij\u00eb \u00ebsht\u00eb perfekte kur f\u00ebmija juaj fillon t\u00eb eksploroj\u00eb t\u00eb haj\u00eb vet\u00eb. \u00cbsht\u00eb e leht\u00eb dhe e<\/p>","protected":false},"featured_media":26140,"template":"","meta":{"advanced_seo_description":"","jetpack_seo_html_title":"","jetpack_seo_noindex":false,"jetpack_post_was_ever_published":false},"product_brand":[],"product_cat":[2550,2548,2549,2429],"product_tag":[],"class_list":{"0":"post-26139","1":"product","2":"type-product","3":"status-publish","4":"has-post-thumbnail","6":"product_cat-24-muaj","7":"product_cat-12-deri-ne-18-muaj","8":"product_cat-18-deri-ne-24-muaj","9":"product_cat-lodra-per-bebe","11":"first","12":"instock","13":"taxable","14":"shipping-taxable","15":"purchasable","16":"product-type-simple"},"jetpack_likes_enabled":false,"jetpack_sharing_enabled":false,"_links":{"self":[{"href":"https:\/\/eurekakidskosovo.com\/en\/wp-json\/wp\/v2\/product\/26139","targetHints":{"allow":["GET"]}}],"collection":[{"href":"https:\/\/eurekakidskosovo.com\/en\/wp-json\/wp\/v2\/product"}],"about":[{"href":"https:\/\/eurekakidskosovo.com\/en\/wp-json\/wp\/v2\/types\/product"}],"wp:featuredmedia":[{"embeddable":true,"href":"https:\/\/eurekakidskosovo.com\/en\/wp-json\/wp\/v2\/media\/26140"}],"wp:attachment":[{"href":"https:\/\/eurekakidskosovo.com\/en\/wp-json\/wp\/v2\/media?parent=26139"}],"wp:term":[{"taxonomy":"product_brand","embeddable":true,"href":"https:\/\/eurekakidskosovo.com\/en\/wp-json\/wp\/v2\/product_brand?post=26139"},{"taxonomy":"product_cat","embeddable":true,"href":"https:\/\/eurekakidskosovo.com\/en\/wp-json\/wp\/v2\/product_cat?post=26139"},{"taxonomy":"product_tag","embeddable":true,"href":"https:\/\/eurekakidskosovo.com\/en\/wp-json\/wp\/v2\/product_tag?post=26139"}],"curies":[{"name":"wp","href":"https:\/\/api.w.org\/{rel}","templated":true}]}}