{"id":26164,"date":"2024-03-11T18:06:01","date_gmt":"2024-03-11T17:06:01","guid":{"rendered":"https:\/\/eurekakidskosovo.com\/?post_type=product&#038;p=26164"},"modified":"2024-06-02T23:43:00","modified_gmt":"2024-06-02T21:43:00","slug":"lego-disney","status":"publish","type":"product","link":"https:\/\/eurekakidskosovo.com\/en\/product\/lego-disney\/","title":{"rendered":"Lego- Disney"},"content":{"rendered":"<p>Arg\u00ebtimi dim\u00ebror i pret f\u00ebmij\u00ebt e vegj\u00ebl q\u00eb duan t\u00eb Bukur\u00ebn dhe Bish\u00ebn e Disney-t me k\u00ebt\u00eb set emocionues LEGO\u00ae. Seti i loj\u00ebrave ka element\u00eb dhe startues p\u00ebr t\u00eb ndihmuar t\u00eb rinjt\u00eb t\u00eb rritin aft\u00ebsit\u00eb e tyre krijuese. Ai p\u00ebrfshin gjithashtu baza dhe mure me tulla fillestare q\u00eb lejojn\u00eb edhe nd\u00ebrtuesit p\u00ebr her\u00eb t\u00eb par\u00eb t\u00eb p\u00ebrjetojn\u00eb krenarin\u00eb e nd\u00ebrtimit t\u00eb nd\u00ebrtesave dhe m\u00eb shum\u00eb, t\u00eb gjitha vet\u00eb.<\/p>\n<p>K\u00ebshtjella shum\u00ebngjyr\u00ebshe p\u00ebrmban disa dhoma p\u00ebr t&#8217;u eksploruar, plus nd\u00ebrtime t\u00eb vogla aksesore si nj\u00eb tavolin\u00eb me fur\u00e7\u00eb, hark dhe diadem\u00eb, nj\u00eb tavolin\u00eb dhe karrige dhe nj\u00eb oxhak, p\u00ebr t\u00eb ndihmuar n\u00eb frym\u00ebzimin e loj\u00ebrave krijuese t\u00eb pafundme.<\/p>\n<p>Personazhet e dashur frym\u00ebzojn\u00eb mund\u00ebsi arg\u00ebtuese p\u00ebr t\u00eb luajtur role. Personazhe t\u00eb tjer\u00eb t\u00eb njohur p\u00ebrfshijn\u00eb znj. Potts, Chip dhe Cogsworth, plus figura LEGO t\u00eb shpend\u00ebve dhe burr\u00eb d\u00ebbore p\u00ebr Disney.<\/p>\n<p>Me p\u00ebrmasat e k\u00ebshtjell\u00ebs mbi 9\u201d (23cm) t\u00eb lart\u00eb, 9\u201d (25cm) t\u00eb gjer\u00eb dhe 6\u201d (16cm) t\u00eb thell\u00eb, ky grup fantastik \u00ebsht\u00eb projektuar p\u00ebr t&#8217;u nd\u00ebrtuar dhe luajtur vazhdimisht.<br \/>\nLeht\u00ebsia e nd\u00ebrtimit rrit besimin e t\u00eb rinjve. Udh\u00ebzimet e qarta, t\u00eb bazuara n\u00eb figura i ndihmojn\u00eb f\u00ebmij\u00ebt t\u00eb zhvillojn\u00eb aft\u00ebsit\u00eb e tyre t\u00eb nd\u00ebrtimit dhe t\u00eb loj\u00ebs, nd\u00ebrsa krijojn\u00eb nj\u00eb k\u00ebshtjell\u00eb t\u00eb bukur dhe aksesor\u00eb p\u00ebr Disney&#8217;s Belle and the Beast.<\/p>","protected":false},"excerpt":{"rendered":"<p>Arg\u00ebtimi dim\u00ebror i pret f\u00ebmij\u00ebt e vegj\u00ebl q\u00eb duan t\u00eb Bukur\u00ebn dhe Bish\u00ebn e Disney-t me k\u00ebt\u00eb set emocionues LEGO\u00ae.<\/p>","protected":false},"featured_media":26165,"template":"","meta":{"advanced_seo_description":"","jetpack_seo_html_title":"","jetpack_seo_noindex":false,"jetpack_post_was_ever_published":false},"product_brand":[],"product_cat":[2601,2602,2603,2594,2488,2593],"product_tag":[],"class_list":{"0":"post-26164","1":"product","2":"type-product","3":"status-publish","4":"has-post-thumbnail","6":"product_cat-2-deri-ne-5-vjet-lodra-per-krijues","7":"product_cat-5-deri-ne-8-vjet-lodra-per-krijues","8":"product_cat-8-deri-ne-12-vjet-lodra-per-krijues","9":"product_cat-krijuese","10":"product_cat-lodra-per-krijues","11":"product_cat-mjeshteri-dhe-veprimtari","13":"first","14":"instock","15":"taxable","16":"shipping-taxable","17":"purchasable","18":"product-type-simple"},"jetpack_likes_enabled":false,"jetpack_sharing_enabled":false,"_links":{"self":[{"href":"https:\/\/eurekakidskosovo.com\/en\/wp-json\/wp\/v2\/product\/26164","targetHints":{"allow":["GET"]}}],"collection":[{"href":"https:\/\/eurekakidskosovo.com\/en\/wp-json\/wp\/v2\/product"}],"about":[{"href":"https:\/\/eurekakidskosovo.com\/en\/wp-json\/wp\/v2\/types\/product"}],"wp:featuredmedia":[{"embeddable":true,"href":"https:\/\/eurekakidskosovo.com\/en\/wp-json\/wp\/v2\/media\/26165"}],"wp:attachment":[{"href":"https:\/\/eurekakidskosovo.com\/en\/wp-json\/wp\/v2\/media?parent=26164"}],"wp:term":[{"taxonomy":"product_brand","embeddable":true,"href":"https:\/\/eurekakidskosovo.com\/en\/wp-json\/wp\/v2\/product_brand?post=26164"},{"taxonomy":"product_cat","embeddable":true,"href":"https:\/\/eurekakidskosovo.com\/en\/wp-json\/wp\/v2\/product_cat?post=26164"},{"taxonomy":"product_tag","embeddable":true,"href":"https:\/\/eurekakidskosovo.com\/en\/wp-json\/wp\/v2\/product_tag?post=26164"}],"curies":[{"name":"wp","href":"https:\/\/api.w.org\/{rel}","templated":true}]}}