{"id":26207,"date":"2024-03-25T22:47:33","date_gmt":"2024-03-25T21:47:33","guid":{"rendered":"https:\/\/eurekakidskosovo.com\/?post_type=product&#038;p=26207"},"modified":"2024-05-04T22:29:40","modified_gmt":"2024-05-04T20:29:40","slug":"shtrese-nderrimi-leander-blueberry","status":"publish","type":"product","link":"https:\/\/eurekakidskosovo.com\/en\/product\/shtrese-nderrimi-leander-blueberry\/","title":{"rendered":"Shtres\u00eb nd\u00ebrrimi Leander- Blueberry"},"content":{"rendered":"<p>Kaq e thjesht\u00eb, por kaq unike. Me tapetin e nd\u00ebrrimit Leander Matty, vendosen standarde t\u00eb reja p\u00ebr konceptin e nj\u00eb stacioni nd\u00ebrrimi. Tapeti revolucionar i nd\u00ebrrimit ofron siguri dhe leht\u00ebsi kur nd\u00ebrroni f\u00ebmij\u00ebn tuaj. \u00cbsht\u00eb b\u00ebr\u00eb nga shkuma m\u00eb e but\u00eb PUR &#8211; nj\u00eb material unik q\u00eb \u00ebsht\u00eb jasht\u00ebzakonisht af\u00ebr ndjesis\u00eb s\u00eb l\u00ebkur\u00ebs s\u00eb zhveshur dhe p\u00ebrshtatet shum\u00eb shpejt me temperatur\u00ebn e dhom\u00ebs.<\/p>\n<p>Dizajni i vler\u00ebsuar me \u00e7mime ka nj\u00eb pamje bashk\u00ebkohore dhe do t\u00eb jet\u00eb nj\u00eb element elegant n\u00eb sht\u00ebpin\u00eb tuaj. Tapeti i nd\u00ebrrimit Matty \u00ebsht\u00eb jasht\u00ebzakonisht i q\u00ebndruesh\u00ebm. Nuk ka shtresa apo \u00e7arje ku mund t\u00eb fshihen papast\u00ebrtit\u00eb dhe bakteret. Kjo do t\u00eb thot\u00eb q\u00eb tapeti i nd\u00ebrrimit q\u00ebndron higjenik, edhe pas disa vitesh p\u00ebrdorim t\u00eb p\u00ebrditsh\u00ebm. Sip\u00ebrfaqja e pap\u00ebrshkueshme nga uji \u00ebsht\u00eb e leht\u00eb p\u00ebr t&#8217;u pastruar dhe mund t\u00eb dezinfektohet.<\/p>\n<p>Tapeti i nd\u00ebrrimit Leander Matty \u00ebsht\u00eb i leht\u00eb n\u00eb pesh\u00eb dhe ka nj\u00eb shpin\u00eb t\u00eb fort\u00eb p\u00ebr q\u00ebndrueshm\u00ebri m\u00eb t\u00eb mir\u00eb, n\u00eb m\u00ebnyr\u00eb q\u00eb ta merrni me vete dhe ta vendosni kudo q\u00eb d\u00ebshironi, p\u00ebr shembull n\u00eb nj\u00eb komod\u00eb, nj\u00eb tavolin\u00eb ose n\u00eb dysheme. K\u00ebmb\u00ebt e vogla prej gome sigurojn\u00eb ajrosje dhe parandalojn\u00eb q\u00eb sip\u00ebrfaqja n\u00ebn jast\u00ebkun e nd\u00ebrrimit t\u00eb laget dhe t\u00eb l\u00ebr\u00eb shenja.<\/p>\n<p>Tapeti i nd\u00ebrrimit Matty \u00ebsht\u00eb i testuar dhe i certifikuar sipas standardit evropian p\u00ebr sigurin\u00eb e f\u00ebmij\u00ebve dhe substancat e rrezikshme. P\u00ebrve\u00e7 k\u00ebsaj, Matty ka arritur certifikimin e njohur t\u00eb siguris\u00eb T\u00dcV S\u00dcD. TUV SUD \u00ebsht\u00eb nj\u00eb institut i njohur nd\u00ebrkomb\u00ebtar i testimit brenda testeve t\u00eb certifikuara t\u00eb siguris\u00eb s\u00eb produktit &#8211; n\u00eb shkall\u00eb globale.<\/p>","protected":false},"excerpt":{"rendered":"<p>Kaq e thjesht\u00eb, por kaq unike. Me tapetin e nd\u00ebrrimit Leander Matty, vendosen standarde t\u00eb reja p\u00ebr konceptin e nj\u00eb<\/p>","protected":false},"featured_media":26212,"template":"","meta":{"advanced_seo_description":"","jetpack_seo_html_title":"","jetpack_seo_noindex":false,"jetpack_post_was_ever_published":false},"product_brand":[],"product_cat":[2545,2546,2547,2429],"product_tag":[],"class_list":{"0":"post-26207","1":"product","2":"type-product","3":"status-publish","4":"has-post-thumbnail","6":"product_cat-0-deri-ne-3-muaj","7":"product_cat-3-deri-ne-6-muaj","8":"product_cat-6-deri-ne-12-muaj","9":"product_cat-lodra-per-bebe","11":"first","12":"outofstock","13":"taxable","14":"shipping-taxable","15":"purchasable","16":"product-type-simple"},"jetpack_likes_enabled":false,"jetpack_sharing_enabled":false,"_links":{"self":[{"href":"https:\/\/eurekakidskosovo.com\/en\/wp-json\/wp\/v2\/product\/26207","targetHints":{"allow":["GET"]}}],"collection":[{"href":"https:\/\/eurekakidskosovo.com\/en\/wp-json\/wp\/v2\/product"}],"about":[{"href":"https:\/\/eurekakidskosovo.com\/en\/wp-json\/wp\/v2\/types\/product"}],"wp:featuredmedia":[{"embeddable":true,"href":"https:\/\/eurekakidskosovo.com\/en\/wp-json\/wp\/v2\/media\/26212"}],"wp:attachment":[{"href":"https:\/\/eurekakidskosovo.com\/en\/wp-json\/wp\/v2\/media?parent=26207"}],"wp:term":[{"taxonomy":"product_brand","embeddable":true,"href":"https:\/\/eurekakidskosovo.com\/en\/wp-json\/wp\/v2\/product_brand?post=26207"},{"taxonomy":"product_cat","embeddable":true,"href":"https:\/\/eurekakidskosovo.com\/en\/wp-json\/wp\/v2\/product_cat?post=26207"},{"taxonomy":"product_tag","embeddable":true,"href":"https:\/\/eurekakidskosovo.com\/en\/wp-json\/wp\/v2\/product_tag?post=26207"}],"curies":[{"name":"wp","href":"https:\/\/api.w.org\/{rel}","templated":true}]}}