{"id":26226,"date":"2024-03-30T20:11:25","date_gmt":"2024-03-30T19:11:25","guid":{"rendered":"https:\/\/eurekakidskosovo.com\/?post_type=product&#038;p=26226"},"modified":"2024-06-02T23:42:37","modified_gmt":"2024-06-02T21:42:37","slug":"playmobil-dino-rise-40pcs","status":"publish","type":"product","link":"https:\/\/eurekakidskosovo.com\/en\/product\/playmobil-dino-rise-40pcs\/","title":{"rendered":"Playmobil Dino Rise 40pcs"},"content":{"rendered":"<p>Alya dhe Samu mbrojn\u00eb Dino Rise me makin\u00ebn e tyre raket\u00eb. Mund t\u00eb mbaj\u00eb nj\u00eb figur\u00eb dhe ka nj\u00eb top q\u00eb l\u00ebshon predha.<\/p>\n<p>Lod\u00ebr p\u00ebr f\u00ebmij\u00ebt e mosh\u00ebs 5+: P\u00ebrshtatet n\u00eb m\u00ebnyr\u00eb ideale n\u00eb duart e f\u00ebmij\u00ebve p\u00ebr shkak t\u00eb pjes\u00ebve t\u00eb p\u00ebrmasave t\u00eb p\u00ebrshtatshme p\u00ebr mosh\u00ebn, E leht\u00eb p\u00ebr t&#8217;u mbajtur fal\u00eb skajeve t\u00eb saj t\u00eb rrumbullakosura<br \/>\nP\u00ebrdorimi i p\u00ebrditsh\u00ebm: udh\u00ebzime p\u00ebr montim (me prind\u00ebrit), Cil\u00ebsi e lart\u00eb dhe dizajn i fort\u00eb, P\u00ebr t\u00eb pastruar pjes\u00ebt (pa p\u00ebrfshir\u00eb ngjit\u00ebset), vendosini pjes\u00ebt n\u00ebn uj\u00eb t\u00eb rrjedhsh\u00ebm q\u00eb nuk p\u00ebrmban agjent\u00eb kimik\u00eb<\/p>\n<p>P\u00ebrmbajtja: 1x raket\u00eb PLAYMOBIL Dino Mine, set figurash 40 pjes\u00ebsh me udh\u00ebzime: 2 automjete PLAYMOBIL, 2 figura, 36 aksesor\u00eb, Materiali: plastik\u00eb, karroc\u00eb LxWxH me rimorkio: 17 x 4.5 x 6\u20137 (top) cm, Pesha: 85 g, 70929<\/p>","protected":false},"excerpt":{"rendered":"<p>Alya dhe Samu mbrojn\u00eb Dino Rise me makin\u00ebn e tyre raket\u00eb. Mund t\u00eb mbaj\u00eb nj\u00eb figur\u00eb dhe ka nj\u00eb top<\/p>","protected":false},"featured_media":26227,"template":"","meta":{"advanced_seo_description":"","jetpack_seo_html_title":"","jetpack_seo_noindex":false,"jetpack_post_was_ever_published":false},"product_brand":[],"product_cat":[2602,2603,2488,2593],"product_tag":[],"class_list":{"0":"post-26226","1":"product","2":"type-product","3":"status-publish","4":"has-post-thumbnail","6":"product_cat-5-deri-ne-8-vjet-lodra-per-krijues","7":"product_cat-8-deri-ne-12-vjet-lodra-per-krijues","8":"product_cat-lodra-per-krijues","9":"product_cat-mjeshteri-dhe-veprimtari","11":"first","12":"instock","13":"taxable","14":"shipping-taxable","15":"purchasable","16":"product-type-simple"},"jetpack_likes_enabled":false,"jetpack_sharing_enabled":false,"_links":{"self":[{"href":"https:\/\/eurekakidskosovo.com\/en\/wp-json\/wp\/v2\/product\/26226","targetHints":{"allow":["GET"]}}],"collection":[{"href":"https:\/\/eurekakidskosovo.com\/en\/wp-json\/wp\/v2\/product"}],"about":[{"href":"https:\/\/eurekakidskosovo.com\/en\/wp-json\/wp\/v2\/types\/product"}],"wp:featuredmedia":[{"embeddable":true,"href":"https:\/\/eurekakidskosovo.com\/en\/wp-json\/wp\/v2\/media\/26227"}],"wp:attachment":[{"href":"https:\/\/eurekakidskosovo.com\/en\/wp-json\/wp\/v2\/media?parent=26226"}],"wp:term":[{"taxonomy":"product_brand","embeddable":true,"href":"https:\/\/eurekakidskosovo.com\/en\/wp-json\/wp\/v2\/product_brand?post=26226"},{"taxonomy":"product_cat","embeddable":true,"href":"https:\/\/eurekakidskosovo.com\/en\/wp-json\/wp\/v2\/product_cat?post=26226"},{"taxonomy":"product_tag","embeddable":true,"href":"https:\/\/eurekakidskosovo.com\/en\/wp-json\/wp\/v2\/product_tag?post=26226"}],"curies":[{"name":"wp","href":"https:\/\/api.w.org\/{rel}","templated":true}]}}