{"id":26230,"date":"2024-03-30T20:40:42","date_gmt":"2024-03-30T19:40:42","guid":{"rendered":"https:\/\/eurekakidskosovo.com\/?post_type=product&#038;p=26230"},"modified":"2025-10-28T13:15:25","modified_gmt":"2025-10-28T12:15:25","slug":"lego-classic","status":"publish","type":"product","link":"https:\/\/eurekakidskosovo.com\/en\/product\/lego-classic\/","title":{"rendered":"Lego classic"},"content":{"rendered":"<p>I krijuar me nd\u00ebrtues t\u00eb t\u00eb gjitha moshave n\u00eb mendje, ky koleksion nga LEGO\u00ae me 35 ngjyra t\u00eb ndryshme do t\u00eb inkurajoj\u00eb loj\u00ebn e nd\u00ebrtimit pa fund dhe do t\u00eb frym\u00ebzoj\u00eb \u00e7do imagjinat\u00eb. Dritaret, syt\u00eb dhe shum\u00eb e shum\u00eb rrota shtojn\u00eb k\u00ebnaq\u00ebsin\u00eb dhe ofrojn\u00eb mund\u00ebsi t\u00eb pafundme p\u00ebr nd\u00ebrtim krijues dhe loj\u00eb me automjete. Nj\u00eb komplet i shk\u00eblqyesh\u00ebm shtes\u00eb p\u00ebr \u00e7do koleksion ekzistues LEGO, ky grup vjen n\u00eb nj\u00eb kuti t\u00eb p\u00ebrshtatshme ruajtjeje plastike dhe p\u00ebrfshin ide p\u00ebr t\u00eb filluar nd\u00ebrtimin.<\/p>\n<p>Nd\u00ebrtoni automjetet tuaja dhe shum\u00eb m\u00eb tep\u00ebr me k\u00ebt\u00eb koleksion klasik t\u00eb tullave LEGO n\u00eb 35 ngjyra t\u00eb ndryshme<br \/>\nP\u00ebrfshin dritare, sy, 18 goma dhe rrota, bazament jeshil dhe m\u00eb shum\u00eb<br \/>\nLodrat e nd\u00ebrtimit LEGO Creative Brick jan\u00eb t\u00eb pajtueshme me t\u00eb gjitha grupet e konstruksioneve LEGO p\u00ebr nd\u00ebrtime kreative<br \/>\n484 cop\u00eb \u2013 P\u00ebr djem dhe vajza nga mosha 4 deri n\u00eb 99 vje\u00e7<\/p>","protected":false},"excerpt":{"rendered":"<p>I krijuar me nd\u00ebrtues t\u00eb t\u00eb gjitha moshave n\u00eb mendje, ky koleksion nga LEGO\u00ae me 35 ngjyra t\u00eb ndryshme do<\/p>","protected":false},"featured_media":26233,"template":"","meta":{"advanced_seo_description":"","jetpack_seo_html_title":"","jetpack_seo_noindex":false,"jetpack_post_was_ever_published":false},"product_brand":[],"product_cat":[2602,2603,2488,2593],"product_tag":[],"class_list":{"0":"post-26230","1":"product","2":"type-product","3":"status-publish","4":"has-post-thumbnail","6":"product_cat-5-deri-ne-8-vjet-lodra-per-krijues","7":"product_cat-8-deri-ne-12-vjet-lodra-per-krijues","8":"product_cat-lodra-per-krijues","9":"product_cat-mjeshteri-dhe-veprimtari","11":"first","12":"outofstock","13":"taxable","14":"shipping-taxable","15":"purchasable","16":"product-type-simple"},"jetpack_likes_enabled":false,"jetpack_sharing_enabled":false,"_links":{"self":[{"href":"https:\/\/eurekakidskosovo.com\/en\/wp-json\/wp\/v2\/product\/26230","targetHints":{"allow":["GET"]}}],"collection":[{"href":"https:\/\/eurekakidskosovo.com\/en\/wp-json\/wp\/v2\/product"}],"about":[{"href":"https:\/\/eurekakidskosovo.com\/en\/wp-json\/wp\/v2\/types\/product"}],"wp:featuredmedia":[{"embeddable":true,"href":"https:\/\/eurekakidskosovo.com\/en\/wp-json\/wp\/v2\/media\/26233"}],"wp:attachment":[{"href":"https:\/\/eurekakidskosovo.com\/en\/wp-json\/wp\/v2\/media?parent=26230"}],"wp:term":[{"taxonomy":"product_brand","embeddable":true,"href":"https:\/\/eurekakidskosovo.com\/en\/wp-json\/wp\/v2\/product_brand?post=26230"},{"taxonomy":"product_cat","embeddable":true,"href":"https:\/\/eurekakidskosovo.com\/en\/wp-json\/wp\/v2\/product_cat?post=26230"},{"taxonomy":"product_tag","embeddable":true,"href":"https:\/\/eurekakidskosovo.com\/en\/wp-json\/wp\/v2\/product_tag?post=26230"}],"curies":[{"name":"wp","href":"https:\/\/api.w.org\/{rel}","templated":true}]}}