{"id":26591,"date":"2026-05-08T23:37:33","date_gmt":"2026-05-08T21:37:33","guid":{"rendered":"https:\/\/eurekakidskosovo.com\/?post_type=product&#038;p=26591"},"modified":"2026-05-08T23:37:33","modified_gmt":"2026-05-08T21:37:33","slug":"highway-kick-1-lifestyle-green","status":"publish","type":"product","link":"https:\/\/eurekakidskosovo.com\/en\/product\/highway-kick-1-lifestyle-green\/","title":{"rendered":"Highway Kick 1- Lifestyle Green"},"content":{"rendered":"<p><span style=\"font-family: -apple-system, BlinkMacSystemFont, 'Segoe UI', Roboto, Oxygen-Sans, Ubuntu, Cantarell, 'Helvetica Neue', sans-serif\">The Highwaykick One scooter is the ideal companion for children from 12 months of age thanks to its evolutionary function. It can be used as a tricycle when children are very young and, as they gain autonomy and safety, it can become a 3-wheel scooter. It is characterized by its stability and balance, giving children the possibility of moving safely and comfortably. It is perfect for stimulating the development of motor skills and the feeling of autonomy!<\/span><\/p>\n<p>Age: From 12 months<\/p>\n<p><strong>Features:<\/strong><br \/>\n\u2013 Ngjyra: e gjelb\u00ebrt<br \/>\n\u2013 Struktur\u00eb e q\u00ebndrueshme dhe e sigurt.<br \/>\n\u2013 B\u00ebr\u00eb me materiale t\u00eb sigurta.<br \/>\n\u2013 Vend i rehatsh\u00ebm dhe i gjer\u00eb.<br \/>\n\u2013 Ndalesa e p\u00ebrparme \u00ebsht\u00eb patentuar dhe ofron siguri shtes\u00eb.<br \/>\n\u2013 P\u00ebr f\u00ebmij\u00eb nga 82cm deri 118cm.<br \/>\n\u2013 Pesha maksimale e rekomanduar: 50Kg.<\/p>\n<p><strong>Dimensions:<\/strong><br \/>\nSeat height: from 22.5cm to 29cm<br \/>\nHandlebar height: from 57cm to 64cm<br \/>\nDiameter of front wheels: 12cm<br \/>\nDiameter of rear wheels: 8cm<br \/>\nWeight: 2.7Kg<\/p>","protected":false},"excerpt":{"rendered":"<p>The Highwaykick One scooter is the ideal companion for children from 12 months of age thanks to its evolutionary function.<\/p>","protected":false},"featured_media":26595,"template":"","meta":{"advanced_seo_description":"","jetpack_seo_html_title":"","jetpack_seo_noindex":false},"product_brand":[],"product_cat":[],"product_tag":[],"class_list":{"0":"post-26591","1":"product","2":"type-product","3":"status-publish","4":"has-post-thumbnail","7":"first","8":"instock","9":"taxable","10":"shipping-taxable","11":"purchasable","12":"product-type-simple"},"jetpack_likes_enabled":false,"jetpack_sharing_enabled":false,"_links":{"self":[{"href":"https:\/\/eurekakidskosovo.com\/en\/wp-json\/wp\/v2\/product\/26591","targetHints":{"allow":["GET"]}}],"collection":[{"href":"https:\/\/eurekakidskosovo.com\/en\/wp-json\/wp\/v2\/product"}],"about":[{"href":"https:\/\/eurekakidskosovo.com\/en\/wp-json\/wp\/v2\/types\/product"}],"wp:featuredmedia":[{"embeddable":true,"href":"https:\/\/eurekakidskosovo.com\/en\/wp-json\/wp\/v2\/media\/26595"}],"wp:attachment":[{"href":"https:\/\/eurekakidskosovo.com\/en\/wp-json\/wp\/v2\/media?parent=26591"}],"wp:term":[{"taxonomy":"product_brand","embeddable":true,"href":"https:\/\/eurekakidskosovo.com\/en\/wp-json\/wp\/v2\/product_brand?post=26591"},{"taxonomy":"product_cat","embeddable":true,"href":"https:\/\/eurekakidskosovo.com\/en\/wp-json\/wp\/v2\/product_cat?post=26591"},{"taxonomy":"product_tag","embeddable":true,"href":"https:\/\/eurekakidskosovo.com\/en\/wp-json\/wp\/v2\/product_tag?post=26591"}],"curies":[{"name":"wp","href":"https:\/\/api.w.org\/{rel}","templated":true}]}}