{"id":26613,"date":"2026-05-09T00:07:52","date_gmt":"2026-05-08T22:07:52","guid":{"rendered":"https:\/\/eurekakidskosovo.com\/?post_type=product&#038;p=26613"},"modified":"2026-05-09T00:09:17","modified_gmt":"2026-05-08T22:09:17","slug":"highway-kick-1-push-and-go-wildberry","status":"publish","type":"product","link":"https:\/\/eurekakidskosovo.com\/en\/product\/highway-kick-1-push-and-go-wildberry\/","title":{"rendered":"Highway Kick 1 Push and Go- wildberry"},"content":{"rendered":"<p class=\"tw-data-text tw-text-large tw-ta\" dir=\"ltr\" role=\"text\" data-placeholder=\"Translation\" data-ved=\"2ahUKEwiXq4_S16qUAxVkAtsEHfvcBoEQ3ewLegQIDxAV\" aria-label=\"Translated text: Highwaykick 1 Push and Go p\u00ebrfshin t\u00eb gjitha karakteristikat e shk\u00eblqyera t\u00eb Highwaykick 1 origjinal, plus nj\u00eb shtes\u00eb t\u00eb re t\u00eb r\u00ebnd\u00ebsishme: nj\u00eb shuf\u00ebr shtyt\u00ebse p\u00ebr prind\u00ebrit. Tani mund t'i shtyni leht\u00ebsisht f\u00ebmij\u00ebt e mosh\u00ebs nj\u00eb deri n\u00eb tre vje\u00e7 - qofshin ulur apo n\u00eb k\u00ebmb\u00eb - nd\u00ebrsa ngasin skuterin. Shufra shtyt\u00ebse e p\u00ebrshtatshme ngjitet n\u00eb mb\u00ebshtet\u00ebsen e k\u00ebmb\u00ebve t\u00eb skuterit pa asnj\u00eb mjet dhe rregullohet n\u00eb tre lart\u00ebsi t\u00eb ndryshme. Gjithashtu mund t\u00eb shtoni mb\u00ebshtet\u00ebse p\u00ebr k\u00ebmb\u00ebt n\u00eb mb\u00ebshtet\u00ebsen e k\u00ebmb\u00ebve n\u00eb m\u00ebnyr\u00eb q\u00eb f\u00ebmij\u00ebt t\u00eb mund t'i mb\u00ebshtesin k\u00ebmb\u00ebt e tyre rehat nd\u00ebrsa shtyhen. T\u00eb gjitha karakteristikat kryesore t\u00eb Highwaykick 1 - si dizajni 2-n\u00eb-1 dhe sedilja e rregullueshme n\u00eb lart\u00ebsi - mbeten t\u00eb nj\u00ebjta n\u00eb modelin Push and Go. Ai vazhdon t\u00eb rritet s\u00eb bashku me f\u00ebmij\u00ebn tuaj.\">Highwaykick 1 Push and Go p\u00ebrfshin t\u00eb gjitha karakteristikat e shk\u00eblqyera t\u00eb Highwaykick 1 origjinal, plus nj\u00eb shtes\u00eb t\u00eb re t\u00eb r\u00ebnd\u00ebsishme: nj\u00eb shuf\u00ebr shtyt\u00ebse p\u00ebr prind\u00ebrit. Tani mund t&#8217;i shtyni leht\u00ebsisht f\u00ebmij\u00ebt e mosh\u00ebs nj\u00eb deri n\u00eb tre vje\u00e7 &#8211; qofshin ulur apo n\u00eb k\u00ebmb\u00eb &#8211; nd\u00ebrsa ngasin skuterin.<\/p>\n<p>Age: From 12 months<\/p>\n<p><strong>Features:<\/strong><br \/>\n\u2013 Ngjyra: e gjelb\u00ebrt<br \/>\n\u2013 Struktur\u00eb e q\u00ebndrueshme dhe e sigurt.<br \/>\n\u2013 B\u00ebr\u00eb me materiale t\u00eb sigurta.<br \/>\n\u2013 Vend i rehatsh\u00ebm dhe i gjer\u00eb.<br \/>\n\u2013 Ndalesa e p\u00ebrparme \u00ebsht\u00eb patentuar dhe ofron siguri shtes\u00eb.<br \/>\n\u2013 P\u00ebr f\u00ebmij\u00eb nga 82cm deri 118cm.<br \/>\n\u2013 Pesha maksimale e rekomanduar: 50Kg.<\/p>\n<p><strong>Dimensions:<\/strong><br \/>\nSeat height: from 22.5cm to 29cm<br \/>\nHandlebar height: from 57cm to 64cm<br \/>\nDiameter of front wheels: 12cm<br \/>\nDiameter of rear wheels: 8cm<br \/>\nWeight: 2.7Kg<\/p>","protected":false},"excerpt":{"rendered":"<p>Highwaykick 1 Push and Go p\u00ebrfshin t\u00eb gjitha karakteristikat e shk\u00eblqyera t\u00eb Highwaykick 1 origjinal, plus nj\u00eb shtes\u00eb t\u00eb re<\/p>","protected":false},"featured_media":26615,"template":"","meta":{"advanced_seo_description":"","jetpack_seo_html_title":"","jetpack_seo_noindex":false},"product_brand":[],"product_cat":[],"product_tag":[],"class_list":{"0":"post-26613","1":"product","2":"type-product","3":"status-publish","4":"has-post-thumbnail","7":"first","8":"instock","9":"taxable","10":"shipping-taxable","11":"purchasable","12":"product-type-simple"},"jetpack_likes_enabled":true,"jetpack_sharing_enabled":true,"_links":{"self":[{"href":"https:\/\/eurekakidskosovo.com\/en\/wp-json\/wp\/v2\/product\/26613","targetHints":{"allow":["GET"]}}],"collection":[{"href":"https:\/\/eurekakidskosovo.com\/en\/wp-json\/wp\/v2\/product"}],"about":[{"href":"https:\/\/eurekakidskosovo.com\/en\/wp-json\/wp\/v2\/types\/product"}],"wp:featuredmedia":[{"embeddable":true,"href":"https:\/\/eurekakidskosovo.com\/en\/wp-json\/wp\/v2\/media\/26615"}],"wp:attachment":[{"href":"https:\/\/eurekakidskosovo.com\/en\/wp-json\/wp\/v2\/media?parent=26613"}],"wp:term":[{"taxonomy":"product_brand","embeddable":true,"href":"https:\/\/eurekakidskosovo.com\/en\/wp-json\/wp\/v2\/product_brand?post=26613"},{"taxonomy":"product_cat","embeddable":true,"href":"https:\/\/eurekakidskosovo.com\/en\/wp-json\/wp\/v2\/product_cat?post=26613"},{"taxonomy":"product_tag","embeddable":true,"href":"https:\/\/eurekakidskosovo.com\/en\/wp-json\/wp\/v2\/product_tag?post=26613"}],"curies":[{"name":"wp","href":"https:\/\/api.w.org\/{rel}","templated":true}]}}