{"id":26617,"date":"2026-05-09T00:16:53","date_gmt":"2026-05-08T22:16:53","guid":{"rendered":"https:\/\/eurekakidskosovo.com\/?post_type=product&#038;p=26617"},"modified":"2026-05-09T00:16:53","modified_gmt":"2026-05-08T22:16:53","slug":"skuter-highway-kick-5-5","status":"publish","type":"product","link":"https:\/\/eurekakidskosovo.com\/en\/product\/skuter-highway-kick-5-5\/","title":{"rendered":"Skuter Highway Kick 5"},"content":{"rendered":"<p>Highwaykick 5 \u00ebsht\u00eb skuteri i fundit p\u00ebr f\u00ebmij\u00eb dhe t\u00eb rritur. Konstruksioni i shasis\u00eb siguron stabilitet ekstrem dhe nj\u00eb pamje krejt\u00ebsisht t\u00eb re dizajni, si dhe vendosje unike t\u00eb ngjyrave. Rrotat jumbo me shtr\u00ebngim t\u00eb lart\u00eb dhe thithje t\u00eb goditjeve me rrota t\u00eb bardha LED n\u00eb pjes\u00ebn e p\u00ebrparme dhe nj\u00eb konstruksion i q\u00ebndruesh\u00ebm lejojn\u00eb nj\u00eb ngarkes\u00eb prej 80 kg leht\u00ebsisht.Mosha e rekomanduar: Nga 5 vje\u00e7.<\/p>\n<p><strong>Features:<\/strong><br \/>\n&#8211; Lart\u00ebsia e timonit mund t\u00eb rregullohet n\u00eb nj\u00eb lart\u00ebsi prej 1,80 m dhe mund t\u00eb hiqet leht\u00ebsisht me prekjen e nj\u00eb butoni.<br \/>\n&#8211; Goma kund\u00ebr rr\u00ebshqitjes e futur n\u00eb kuvert\u00eb siguron kapje shtes\u00eb n\u00eb t\u00eb gjitha kushtet e motit.<br \/>\n&#8211; Skuteri ka nj\u00eb sip\u00ebrfaqe t\u00eb gjer\u00eb q\u00ebndrimi, e cila siguron stabilitet t\u00eb mir\u00eb.<br \/>\n&#8211; Rrotat kan\u00eb detaje gome q\u00eb nuk rr\u00ebshqasin, si dhe drita t\u00eb bukura, t\u00eb bardha LED n\u00eb rrotat e p\u00ebrparme.<br \/>\n&#8211; Gjat\u00ebsia e rekomanduar e f\u00ebmij\u00ebs 118-180 cm.<br \/>\n&#8211; Gjat\u00ebsia e timoni 60-90 cm (var\u00ebsisht nga pozicioni)<\/p>","protected":false},"excerpt":{"rendered":"<p>Highwaykick 5 \u00ebsht\u00eb skuteri i fundit p\u00ebr f\u00ebmij\u00eb dhe t\u00eb rritur. Konstruksioni i shasis\u00eb siguron stabilitet ekstrem dhe nj\u00eb pamje<\/p>","protected":false},"featured_media":26618,"template":"","meta":{"advanced_seo_description":"","jetpack_seo_html_title":"","jetpack_seo_noindex":false},"product_brand":[],"product_cat":[],"product_tag":[],"class_list":{"0":"post-26617","1":"product","2":"type-product","3":"status-publish","4":"has-post-thumbnail","7":"first","8":"instock","9":"taxable","10":"shipping-taxable","11":"purchasable","12":"product-type-simple"},"jetpack_likes_enabled":true,"jetpack_sharing_enabled":true,"_links":{"self":[{"href":"https:\/\/eurekakidskosovo.com\/en\/wp-json\/wp\/v2\/product\/26617","targetHints":{"allow":["GET"]}}],"collection":[{"href":"https:\/\/eurekakidskosovo.com\/en\/wp-json\/wp\/v2\/product"}],"about":[{"href":"https:\/\/eurekakidskosovo.com\/en\/wp-json\/wp\/v2\/types\/product"}],"wp:featuredmedia":[{"embeddable":true,"href":"https:\/\/eurekakidskosovo.com\/en\/wp-json\/wp\/v2\/media\/26618"}],"wp:attachment":[{"href":"https:\/\/eurekakidskosovo.com\/en\/wp-json\/wp\/v2\/media?parent=26617"}],"wp:term":[{"taxonomy":"product_brand","embeddable":true,"href":"https:\/\/eurekakidskosovo.com\/en\/wp-json\/wp\/v2\/product_brand?post=26617"},{"taxonomy":"product_cat","embeddable":true,"href":"https:\/\/eurekakidskosovo.com\/en\/wp-json\/wp\/v2\/product_cat?post=26617"},{"taxonomy":"product_tag","embeddable":true,"href":"https:\/\/eurekakidskosovo.com\/en\/wp-json\/wp\/v2\/product_tag?post=26617"}],"curies":[{"name":"wp","href":"https:\/\/api.w.org\/{rel}","templated":true}]}}