{"id":26629,"date":"2026-05-09T00:38:12","date_gmt":"2026-05-08T22:38:12","guid":{"rendered":"https:\/\/eurekakidskosovo.com\/?post_type=product&#038;p=26629"},"modified":"2026-05-09T00:38:13","modified_gmt":"2026-05-08T22:38:13","slug":"highway-kick-s3-ash","status":"publish","type":"product","link":"https:\/\/eurekakidskosovo.com\/en\/product\/highway-kick-s3-ash\/","title":{"rendered":"Highway Kick S3 ash"},"content":{"rendered":"<p>Dy m\u00ebnyra p\u00ebr t\u00eb drejtuar = dyfish besim. \u00c7iklist\u00ebt e vegj\u00ebl mund t\u00eb rrotullojn\u00eb timonin ose t\u00eb anohen p\u00ebr t\u00eb rr\u00ebshqitur, duke e b\u00ebr\u00eb ngasjen me skuter t\u00eb ndihet natyrale dhe e sigurt.<\/p>\n<p>Rritet bashk\u00eb me ta, nj\u00eb timon i rregulluesh\u00ebm n\u00eb lart\u00ebsi dhe i palossh\u00ebm do t\u00eb thot\u00eb se ky skuter \u00ebsht\u00eb i p\u00ebrshtatsh\u00ebm p\u00ebr moshat 3-6 vje\u00e7.<\/p>\n<p>Super i q\u00ebndruesh\u00ebm. Tre rrota plus jast\u00ebku inteligjent i siguris\u00eb ndihmojn\u00eb n\u00eb parandalimin e p\u00ebrmbysjes, duke i mbajtur aventurat pa shqet\u00ebsime.<\/p>\n<p>Ndri\u00e7on \u00e7do udh\u00ebtim. Ato rrota t\u00eb bardha LED? Magji absolute n\u00eb muzg &#8211; dhe t\u00eb shk\u00eblqyera edhe p\u00ebr shikueshm\u00ebri.<\/p>\n<p>Leht\u00eb p\u00ebr t&#8217;u palosur + mbajtur. Perfekt p\u00ebr ta hedhur n\u00eb bagazh, p\u00ebr ta ruajtur n\u00eb dollap\u00ebt e korridorit ose p\u00ebr ta marr\u00eb me pushime.<\/p>\n<p>Mosha: P\u00ebr 3+ vje\u00e7<br \/>\nPesha maksimale: 50 kg<br \/>\nLart\u00ebsia e trupit: 96-130 cm<br \/>\nPesha e produktit: 2.6 kg<\/p>","protected":false},"excerpt":{"rendered":"<p>Dy m\u00ebnyra p\u00ebr t\u00eb drejtuar = dyfish besim. \u00c7iklist\u00ebt e vegj\u00ebl mund t\u00eb rrotullojn\u00eb timonin ose t\u00eb anohen p\u00ebr t\u00eb<\/p>","protected":false},"featured_media":26631,"template":"","meta":{"advanced_seo_description":"","jetpack_seo_html_title":"","jetpack_seo_noindex":false},"product_brand":[],"product_cat":[],"product_tag":[],"class_list":{"0":"post-26629","1":"product","2":"type-product","3":"status-publish","4":"has-post-thumbnail","7":"first","8":"instock","9":"taxable","10":"shipping-taxable","11":"purchasable","12":"product-type-simple"},"jetpack_likes_enabled":true,"jetpack_sharing_enabled":true,"_links":{"self":[{"href":"https:\/\/eurekakidskosovo.com\/en\/wp-json\/wp\/v2\/product\/26629","targetHints":{"allow":["GET"]}}],"collection":[{"href":"https:\/\/eurekakidskosovo.com\/en\/wp-json\/wp\/v2\/product"}],"about":[{"href":"https:\/\/eurekakidskosovo.com\/en\/wp-json\/wp\/v2\/types\/product"}],"wp:featuredmedia":[{"embeddable":true,"href":"https:\/\/eurekakidskosovo.com\/en\/wp-json\/wp\/v2\/media\/26631"}],"wp:attachment":[{"href":"https:\/\/eurekakidskosovo.com\/en\/wp-json\/wp\/v2\/media?parent=26629"}],"wp:term":[{"taxonomy":"product_brand","embeddable":true,"href":"https:\/\/eurekakidskosovo.com\/en\/wp-json\/wp\/v2\/product_brand?post=26629"},{"taxonomy":"product_cat","embeddable":true,"href":"https:\/\/eurekakidskosovo.com\/en\/wp-json\/wp\/v2\/product_cat?post=26629"},{"taxonomy":"product_tag","embeddable":true,"href":"https:\/\/eurekakidskosovo.com\/en\/wp-json\/wp\/v2\/product_tag?post=26629"}],"curies":[{"name":"wp","href":"https:\/\/api.w.org\/{rel}","templated":true}]}}